{"id":4238,"date":"2022-08-28T13:34:52","date_gmt":"2022-08-28T13:34:52","guid":{"rendered":"https:\/\/portaldaacorianidade.azores.gov.pt\/?page_id=4238"},"modified":"2022-09-06T13:46:42","modified_gmt":"2022-09-06T13:46:42","slug":"president-of-the-government-attested-to-the-joy-of-thousands-with-the-return-of-the-great-feast-of-the-holy-ghost-of-new-england","status":"publish","type":"page","link":"https:\/\/portaldaacorianidade.azores.gov.pt\/en\/president-of-the-government-attested-to-the-joy-of-thousands-with-the-return-of-the-great-feast-of-the-holy-ghost-of-new-england\/","title":{"rendered":"President of the Government attested to the joy of thousands with the return of the Great Feast of the Holy Ghost of New England"},"content":{"rendered":"<p>The President of the Regional Government of the Azores, Jos\u00e9 Manuel Bolieiro, is the guest of honor of this year&#8217;s Great Feast of the Holy Ghost of New England, having already proved the joy of many thousands with this &#8220;return to normality&#8221; after the interruption caused by covid -19.<\/p>\n<p>\u201cI am very pleased and very happy because I saw in people a huge satisfaction with this return to normality\u201d, declared the president on Saturday, when speaking after leading the ethnographic procession of the Great Feast of the Holy Ghost of New England.<\/p>\n<p>The \u201clove for the roots\u201d and the \u201cdevotion to the Holy Spirit\u201d were elements highlighted by the President of the Government, who also praised the \u201cfraternity\u201d of all those present, \u201ctrue brothers in <em>convivialit\u00e9<\/em>, without distinction\u201d of any kind.<\/p>\n<p>On Friday, at the opening of the festivities, Jos\u00e9 Manuel Bolieiro had already declared to feel \u201cat home\u201d in New England: \u201cI am here as if I were at home, seeing this community experiencing our traditions with the greatest intensity\u201d, he stressed then.<\/p>\n<p>That same night, Jos\u00e9 Manuel Bolieiro was also enthroned a confrere of the first Azorean gastronomy brotherhood in the United States of America.<\/p>\n<p>Today, Sunday, the President of the Government participates in the solemn mass of the Great Feast and, later, in the coronation ceremony.<\/p>\n<p>On these days of work in the United States, further initiatives planned include, among others, the presentation of the Bellis Azorica editorial project for the American edition of emblematic works of the Azorean literature and the visit to an evocative exhibition by the painter Domingos Rebelo, in New Bedford.<\/p>\n","protected":false},"excerpt":{"rendered":"<p>The President of the Regional Government of the Azores, Jos\u00e9 Manuel Bolieiro, is the guest of honor of this year&#8217;s Great Feast of the Holy Ghost of New England, having already proved the joy of many thousands with this &#8220;return to normality&#8221; after the interruption caused by covid -19. \u201cI am very pleased and very [&hellip;]<\/p>\n","protected":false},"author":3,"featured_media":4213,"parent":0,"menu_order":0,"comment_status":"closed","ping_status":"closed","template":"","meta":[],"yoast_head":"<!-- This site is optimized with the Yoast SEO plugin v17.3 - https:\/\/yoast.com\/wordpress\/plugins\/seo\/ -->\n<title>President of the Government attested to the joy of thousands with the return of the Great Feast of the Holy Ghost of New England - Portal da A\u00e7orianidade - plataforma com os sites geridos pela Vice Presid\u00eancia do Governo<\/title>\n<meta name=\"robots\" content=\"index, follow, max-snippet:-1, max-image-preview:large, max-video-preview:-1\" \/>\n<link rel=\"canonical\" href=\"https:\/\/portaldaacorianidade.azores.gov.pt\/en\/president-of-the-government-attested-to-the-joy-of-thousands-with-the-return-of-the-great-feast-of-the-holy-ghost-of-new-england\/\" \/>\n<meta property=\"og:locale\" content=\"en_US\" \/>\n<meta property=\"og:type\" content=\"article\" \/>\n<meta property=\"og:title\" content=\"President of the Government attested to the joy of thousands with the return of the Great Feast of the Holy Ghost of New England - Portal da A\u00e7orianidade - plataforma com os sites geridos pela Vice Presid\u00eancia do Governo\" \/>\n<meta property=\"og:description\" content=\"The President of the Regional Government of the Azores, Jos\u00e9 Manuel Bolieiro, is the guest of honor of this year&#8217;s Great Feast of the Holy Ghost of New England, having already proved the joy of many thousands with this &#8220;return to normality&#8221; after the interruption caused by covid -19. \u201cI am very pleased and very [&hellip;]\" \/>\n<meta property=\"og:url\" content=\"https:\/\/portaldaacorianidade.azores.gov.pt\/en\/president-of-the-government-attested-to-the-joy-of-thousands-with-the-return-of-the-great-feast-of-the-holy-ghost-of-new-england\/\" \/>\n<meta property=\"og:site_name\" content=\"Portal da A\u00e7orianidade - plataforma com os sites geridos pela Vice Presid\u00eancia do Governo\" \/>\n<meta property=\"article:modified_time\" content=\"2022-09-06T13:46:42+00:00\" \/>\n<meta property=\"og:image\" content=\"https:\/\/portaldaacorianidade.azores.gov.pt\/wp-content\/uploads\/2022\/08\/22.3086.jpg\" \/>\n\t<meta property=\"og:image:width\" content=\"1920\" \/>\n\t<meta property=\"og:image:height\" content=\"1080\" \/>\n<meta name=\"twitter:card\" content=\"summary_large_image\" \/>\n<meta name=\"twitter:label1\" content=\"Est. reading time\" \/>\n\t<meta name=\"twitter:data1\" content=\"1 minute\" \/>\n<script type=\"application\/ld+json\" class=\"yoast-schema-graph\">{\"@context\":\"https:\/\/schema.org\",\"@graph\":[{\"@type\":\"WebSite\",\"@id\":\"https:\/\/portaldaacorianidade.azores.gov.pt\/#website\",\"url\":\"https:\/\/portaldaacorianidade.azores.gov.pt\/\",\"name\":\"Portal da A\\u00e7orianidade - plataforma com os sites geridos pela Vice Presid\\u00eancia do Governo\",\"description\":\" Plataforma os v\\u00e1rios sites geridos pela Vice-Presid\\u00eancia do Governo dos A\\u00e7ores, atrav\\u00e9s da Dire\\u00e7\\u00e3o Regional das Comunidades\",\"potentialAction\":[{\"@type\":\"SearchAction\",\"target\":{\"@type\":\"EntryPoint\",\"urlTemplate\":\"https:\/\/portaldaacorianidade.azores.gov.pt\/?s={search_term_string}\"},\"query-input\":\"required name=search_term_string\"}],\"inLanguage\":\"en-US\"},{\"@type\":\"ImageObject\",\"@id\":\"https:\/\/portaldaacorianidade.azores.gov.pt\/en\/president-of-the-government-attested-to-the-joy-of-thousands-with-the-return-of-the-great-feast-of-the-holy-ghost-of-new-england\/#primaryimage\",\"inLanguage\":\"en-US\",\"url\":\"https:\/\/portaldaacorianidade.azores.gov.pt\/wp-content\/uploads\/2022\/08\/22.3086.jpg\",\"contentUrl\":\"https:\/\/portaldaacorianidade.azores.gov.pt\/wp-content\/uploads\/2022\/08\/22.3086.jpg\",\"width\":1920,\"height\":1080},{\"@type\":\"WebPage\",\"@id\":\"https:\/\/portaldaacorianidade.azores.gov.pt\/en\/president-of-the-government-attested-to-the-joy-of-thousands-with-the-return-of-the-great-feast-of-the-holy-ghost-of-new-england\/#webpage\",\"url\":\"https:\/\/portaldaacorianidade.azores.gov.pt\/en\/president-of-the-government-attested-to-the-joy-of-thousands-with-the-return-of-the-great-feast-of-the-holy-ghost-of-new-england\/\",\"name\":\"President of the Government attested to the joy of thousands with the return of the Great Feast of the Holy Ghost of New England - Portal da A\\u00e7orianidade - plataforma com os sites geridos pela Vice Presid\\u00eancia do Governo\",\"isPartOf\":{\"@id\":\"https:\/\/portaldaacorianidade.azores.gov.pt\/#website\"},\"primaryImageOfPage\":{\"@id\":\"https:\/\/portaldaacorianidade.azores.gov.pt\/en\/president-of-the-government-attested-to-the-joy-of-thousands-with-the-return-of-the-great-feast-of-the-holy-ghost-of-new-england\/#primaryimage\"},\"datePublished\":\"2022-08-28T13:34:52+00:00\",\"dateModified\":\"2022-09-06T13:46:42+00:00\",\"breadcrumb\":{\"@id\":\"https:\/\/portaldaacorianidade.azores.gov.pt\/en\/president-of-the-government-attested-to-the-joy-of-thousands-with-the-return-of-the-great-feast-of-the-holy-ghost-of-new-england\/#breadcrumb\"},\"inLanguage\":\"en-US\",\"potentialAction\":[{\"@type\":\"ReadAction\",\"target\":[\"https:\/\/portaldaacorianidade.azores.gov.pt\/en\/president-of-the-government-attested-to-the-joy-of-thousands-with-the-return-of-the-great-feast-of-the-holy-ghost-of-new-england\/\"]}]},{\"@type\":\"BreadcrumbList\",\"@id\":\"https:\/\/portaldaacorianidade.azores.gov.pt\/en\/president-of-the-government-attested-to-the-joy-of-thousands-with-the-return-of-the-great-feast-of-the-holy-ghost-of-new-england\/#breadcrumb\",\"itemListElement\":[{\"@type\":\"ListItem\",\"position\":1,\"name\":\"President of the Government attested to the joy of thousands with the return of the Great Feast of the Holy Ghost of New England\"}]}]}<\/script>\n<!-- \/ Yoast SEO plugin. -->","yoast_head_json":{"title":"President of the Government attested to the joy of thousands with the return of the Great Feast of the Holy Ghost of New England - Portal da A\u00e7orianidade - plataforma com os sites geridos pela Vice Presid\u00eancia do Governo","robots":{"index":"index","follow":"follow","max-snippet":"max-snippet:-1","max-image-preview":"max-image-preview:large","max-video-preview":"max-video-preview:-1"},"canonical":"https:\/\/portaldaacorianidade.azores.gov.pt\/en\/president-of-the-government-attested-to-the-joy-of-thousands-with-the-return-of-the-great-feast-of-the-holy-ghost-of-new-england\/","og_locale":"en_US","og_type":"article","og_title":"President of the Government attested to the joy of thousands with the return of the Great Feast of the Holy Ghost of New England - Portal da A\u00e7orianidade - plataforma com os sites geridos pela Vice Presid\u00eancia do Governo","og_description":"The President of the Regional Government of the Azores, Jos\u00e9 Manuel Bolieiro, is the guest of honor of this year&#8217;s Great Feast of the Holy Ghost of New England, having already proved the joy of many thousands with this &#8220;return to normality&#8221; after the interruption caused by covid -19. \u201cI am very pleased and very [&hellip;]","og_url":"https:\/\/portaldaacorianidade.azores.gov.pt\/en\/president-of-the-government-attested-to-the-joy-of-thousands-with-the-return-of-the-great-feast-of-the-holy-ghost-of-new-england\/","og_site_name":"Portal da A\u00e7orianidade - plataforma com os sites geridos pela Vice Presid\u00eancia do Governo","article_modified_time":"2022-09-06T13:46:42+00:00","og_image":[{"width":1920,"height":1080,"url":"https:\/\/portaldaacorianidade.azores.gov.pt\/wp-content\/uploads\/2022\/08\/22.3086.jpg","type":"image\/jpeg"}],"twitter_card":"summary_large_image","twitter_misc":{"Est. reading time":"1 minute"},"schema":{"@context":"https:\/\/schema.org","@graph":[{"@type":"WebSite","@id":"https:\/\/portaldaacorianidade.azores.gov.pt\/#website","url":"https:\/\/portaldaacorianidade.azores.gov.pt\/","name":"Portal da A\u00e7orianidade - plataforma com os sites geridos pela Vice Presid\u00eancia do Governo","description":" Plataforma os v\u00e1rios sites geridos pela Vice-Presid\u00eancia do Governo dos A\u00e7ores, atrav\u00e9s da Dire\u00e7\u00e3o Regional das Comunidades","potentialAction":[{"@type":"SearchAction","target":{"@type":"EntryPoint","urlTemplate":"https:\/\/portaldaacorianidade.azores.gov.pt\/?s={search_term_string}"},"query-input":"required name=search_term_string"}],"inLanguage":"en-US"},{"@type":"ImageObject","@id":"https:\/\/portaldaacorianidade.azores.gov.pt\/en\/president-of-the-government-attested-to-the-joy-of-thousands-with-the-return-of-the-great-feast-of-the-holy-ghost-of-new-england\/#primaryimage","inLanguage":"en-US","url":"https:\/\/portaldaacorianidade.azores.gov.pt\/wp-content\/uploads\/2022\/08\/22.3086.jpg","contentUrl":"https:\/\/portaldaacorianidade.azores.gov.pt\/wp-content\/uploads\/2022\/08\/22.3086.jpg","width":1920,"height":1080},{"@type":"WebPage","@id":"https:\/\/portaldaacorianidade.azores.gov.pt\/en\/president-of-the-government-attested-to-the-joy-of-thousands-with-the-return-of-the-great-feast-of-the-holy-ghost-of-new-england\/#webpage","url":"https:\/\/portaldaacorianidade.azores.gov.pt\/en\/president-of-the-government-attested-to-the-joy-of-thousands-with-the-return-of-the-great-feast-of-the-holy-ghost-of-new-england\/","name":"President of the Government attested to the joy of thousands with the return of the Great Feast of the Holy Ghost of New England - Portal da A\u00e7orianidade - plataforma com os sites geridos pela Vice Presid\u00eancia do Governo","isPartOf":{"@id":"https:\/\/portaldaacorianidade.azores.gov.pt\/#website"},"primaryImageOfPage":{"@id":"https:\/\/portaldaacorianidade.azores.gov.pt\/en\/president-of-the-government-attested-to-the-joy-of-thousands-with-the-return-of-the-great-feast-of-the-holy-ghost-of-new-england\/#primaryimage"},"datePublished":"2022-08-28T13:34:52+00:00","dateModified":"2022-09-06T13:46:42+00:00","breadcrumb":{"@id":"https:\/\/portaldaacorianidade.azores.gov.pt\/en\/president-of-the-government-attested-to-the-joy-of-thousands-with-the-return-of-the-great-feast-of-the-holy-ghost-of-new-england\/#breadcrumb"},"inLanguage":"en-US","potentialAction":[{"@type":"ReadAction","target":["https:\/\/portaldaacorianidade.azores.gov.pt\/en\/president-of-the-government-attested-to-the-joy-of-thousands-with-the-return-of-the-great-feast-of-the-holy-ghost-of-new-england\/"]}]},{"@type":"BreadcrumbList","@id":"https:\/\/portaldaacorianidade.azores.gov.pt\/en\/president-of-the-government-attested-to-the-joy-of-thousands-with-the-return-of-the-great-feast-of-the-holy-ghost-of-new-england\/#breadcrumb","itemListElement":[{"@type":"ListItem","position":1,"name":"President of the Government attested to the joy of thousands with the return of the Great Feast of the Holy Ghost of New England"}]}]}},"_links":{"self":[{"href":"https:\/\/portaldaacorianidade.azores.gov.pt\/en\/wp-json\/wp\/v2\/pages\/4238"}],"collection":[{"href":"https:\/\/portaldaacorianidade.azores.gov.pt\/en\/wp-json\/wp\/v2\/pages"}],"about":[{"href":"https:\/\/portaldaacorianidade.azores.gov.pt\/en\/wp-json\/wp\/v2\/types\/page"}],"author":[{"embeddable":true,"href":"https:\/\/portaldaacorianidade.azores.gov.pt\/en\/wp-json\/wp\/v2\/users\/3"}],"replies":[{"embeddable":true,"href":"https:\/\/portaldaacorianidade.azores.gov.pt\/en\/wp-json\/wp\/v2\/comments?post=4238"}],"version-history":[{"count":1,"href":"https:\/\/portaldaacorianidade.azores.gov.pt\/en\/wp-json\/wp\/v2\/pages\/4238\/revisions"}],"predecessor-version":[{"id":4239,"href":"https:\/\/portaldaacorianidade.azores.gov.pt\/en\/wp-json\/wp\/v2\/pages\/4238\/revisions\/4239"}],"wp:featuredmedia":[{"embeddable":true,"href":"https:\/\/portaldaacorianidade.azores.gov.pt\/en\/wp-json\/wp\/v2\/media\/4213"}],"wp:attachment":[{"href":"https:\/\/portaldaacorianidade.azores.gov.pt\/en\/wp-json\/wp\/v2\/media?parent=4238"}],"curies":[{"name":"wp","href":"https:\/\/api.w.org\/{rel}","templated":true}]}}