{"id":2531,"date":"2021-09-16T19:51:40","date_gmt":"2021-09-16T19:51:40","guid":{"rendered":"http:\/\/portaldaacorianidade.azores.gov.pt\/acessibilidade\/"},"modified":"2021-10-20T16:55:11","modified_gmt":"2021-10-20T16:55:11","slug":"acessibility","status":"publish","type":"page","link":"https:\/\/portaldaacorianidade.azores.gov.pt\/en\/acessibility\/","title":{"rendered":"Acessibility"},"content":{"rendered":"","protected":false},"excerpt":{"rendered":"","protected":false},"author":1,"featured_media":0,"parent":0,"menu_order":9,"comment_status":"closed","ping_status":"open","template":"","meta":[],"yoast_head":"<!-- This site is optimized with the Yoast SEO plugin v17.3 - https:\/\/yoast.com\/wordpress\/plugins\/seo\/ -->\n<title>Acessibility - A\u00e7orianidade Portal<\/title>\n<meta name=\"description\" content=\"We ensure strong accessibility when navigating through the online portal so that everyone can interact and navigate with facility.\" \/>\n<meta name=\"robots\" content=\"index, follow, max-snippet:-1, max-image-preview:large, max-video-preview:-1\" \/>\n<link rel=\"canonical\" href=\"https:\/\/portaldaacorianidade.azores.gov.pt\/en\/acessibility\/\" \/>\n<meta property=\"og:locale\" content=\"en_US\" \/>\n<meta property=\"og:type\" content=\"article\" \/>\n<meta property=\"og:title\" content=\"Acessibility - A\u00e7orianidade Portal\" \/>\n<meta property=\"og:description\" content=\"We ensure strong accessibility when navigating through the online portal so that everyone can interact and navigate with facility.\" \/>\n<meta property=\"og:url\" content=\"https:\/\/portaldaacorianidade.azores.gov.pt\/en\/acessibility\/\" \/>\n<meta property=\"og:site_name\" content=\"Portal da A\u00e7orianidade - plataforma com os sites geridos pela Vice Presid\u00eancia do Governo\" \/>\n<meta property=\"article:modified_time\" content=\"2021-10-20T16:55:11+00:00\" \/>\n<meta name=\"twitter:card\" content=\"summary_large_image\" \/>\n<meta name=\"twitter:label1\" content=\"Est. reading time\" \/>\n\t<meta name=\"twitter:data1\" content=\"1 minute\" \/>\n<script type=\"application\/ld+json\" class=\"yoast-schema-graph\">{\"@context\":\"https:\/\/schema.org\",\"@graph\":[{\"@type\":\"WebSite\",\"@id\":\"https:\/\/portaldaacorianidade.azores.gov.pt\/#website\",\"url\":\"https:\/\/portaldaacorianidade.azores.gov.pt\/\",\"name\":\"Portal da A\\u00e7orianidade - plataforma com os sites geridos pela Vice Presid\\u00eancia do Governo\",\"description\":\" Plataforma os v\\u00e1rios sites geridos pela Vice-Presid\\u00eancia do Governo dos A\\u00e7ores, atrav\\u00e9s da Dire\\u00e7\\u00e3o Regional das Comunidades\",\"potentialAction\":[{\"@type\":\"SearchAction\",\"target\":{\"@type\":\"EntryPoint\",\"urlTemplate\":\"https:\/\/portaldaacorianidade.azores.gov.pt\/?s={search_term_string}\"},\"query-input\":\"required name=search_term_string\"}],\"inLanguage\":\"en-US\"},{\"@type\":\"WebPage\",\"@id\":\"https:\/\/portaldaacorianidade.azores.gov.pt\/en\/acessibility\/#webpage\",\"url\":\"https:\/\/portaldaacorianidade.azores.gov.pt\/en\/acessibility\/\",\"name\":\"Acessibility - A\\u00e7orianidade Portal\",\"isPartOf\":{\"@id\":\"https:\/\/portaldaacorianidade.azores.gov.pt\/#website\"},\"datePublished\":\"2021-09-16T19:51:40+00:00\",\"dateModified\":\"2021-10-20T16:55:11+00:00\",\"description\":\"We ensure strong accessibility when navigating through the online portal so that everyone can interact and navigate with facility.\",\"breadcrumb\":{\"@id\":\"https:\/\/portaldaacorianidade.azores.gov.pt\/en\/acessibility\/#breadcrumb\"},\"inLanguage\":\"en-US\",\"potentialAction\":[{\"@type\":\"ReadAction\",\"target\":[\"https:\/\/portaldaacorianidade.azores.gov.pt\/en\/acessibility\/\"]}]},{\"@type\":\"BreadcrumbList\",\"@id\":\"https:\/\/portaldaacorianidade.azores.gov.pt\/en\/acessibility\/#breadcrumb\",\"itemListElement\":[{\"@type\":\"ListItem\",\"position\":1,\"name\":\"Acessibility\"}]}]}<\/script>\n<!-- \/ Yoast SEO plugin. -->","yoast_head_json":{"title":"Acessibility - A\u00e7orianidade Portal","description":"We ensure strong accessibility when navigating through the online portal so that everyone can interact and navigate with facility.","robots":{"index":"index","follow":"follow","max-snippet":"max-snippet:-1","max-image-preview":"max-image-preview:large","max-video-preview":"max-video-preview:-1"},"canonical":"https:\/\/portaldaacorianidade.azores.gov.pt\/en\/acessibility\/","og_locale":"en_US","og_type":"article","og_title":"Acessibility - A\u00e7orianidade Portal","og_description":"We ensure strong accessibility when navigating through the online portal so that everyone can interact and navigate with facility.","og_url":"https:\/\/portaldaacorianidade.azores.gov.pt\/en\/acessibility\/","og_site_name":"Portal da A\u00e7orianidade - plataforma com os sites geridos pela Vice Presid\u00eancia do Governo","article_modified_time":"2021-10-20T16:55:11+00:00","twitter_card":"summary_large_image","twitter_misc":{"Est. reading time":"1 minute"},"schema":{"@context":"https:\/\/schema.org","@graph":[{"@type":"WebSite","@id":"https:\/\/portaldaacorianidade.azores.gov.pt\/#website","url":"https:\/\/portaldaacorianidade.azores.gov.pt\/","name":"Portal da A\u00e7orianidade - plataforma com os sites geridos pela Vice Presid\u00eancia do Governo","description":" Plataforma os v\u00e1rios sites geridos pela Vice-Presid\u00eancia do Governo dos A\u00e7ores, atrav\u00e9s da Dire\u00e7\u00e3o Regional das Comunidades","potentialAction":[{"@type":"SearchAction","target":{"@type":"EntryPoint","urlTemplate":"https:\/\/portaldaacorianidade.azores.gov.pt\/?s={search_term_string}"},"query-input":"required name=search_term_string"}],"inLanguage":"en-US"},{"@type":"WebPage","@id":"https:\/\/portaldaacorianidade.azores.gov.pt\/en\/acessibility\/#webpage","url":"https:\/\/portaldaacorianidade.azores.gov.pt\/en\/acessibility\/","name":"Acessibility - A\u00e7orianidade Portal","isPartOf":{"@id":"https:\/\/portaldaacorianidade.azores.gov.pt\/#website"},"datePublished":"2021-09-16T19:51:40+00:00","dateModified":"2021-10-20T16:55:11+00:00","description":"We ensure strong accessibility when navigating through the online portal so that everyone can interact and navigate with facility.","breadcrumb":{"@id":"https:\/\/portaldaacorianidade.azores.gov.pt\/en\/acessibility\/#breadcrumb"},"inLanguage":"en-US","potentialAction":[{"@type":"ReadAction","target":["https:\/\/portaldaacorianidade.azores.gov.pt\/en\/acessibility\/"]}]},{"@type":"BreadcrumbList","@id":"https:\/\/portaldaacorianidade.azores.gov.pt\/en\/acessibility\/#breadcrumb","itemListElement":[{"@type":"ListItem","position":1,"name":"Acessibility"}]}]}},"_links":{"self":[{"href":"https:\/\/portaldaacorianidade.azores.gov.pt\/en\/wp-json\/wp\/v2\/pages\/2531"}],"collection":[{"href":"https:\/\/portaldaacorianidade.azores.gov.pt\/en\/wp-json\/wp\/v2\/pages"}],"about":[{"href":"https:\/\/portaldaacorianidade.azores.gov.pt\/en\/wp-json\/wp\/v2\/types\/page"}],"author":[{"embeddable":true,"href":"https:\/\/portaldaacorianidade.azores.gov.pt\/en\/wp-json\/wp\/v2\/users\/1"}],"replies":[{"embeddable":true,"href":"https:\/\/portaldaacorianidade.azores.gov.pt\/en\/wp-json\/wp\/v2\/comments?post=2531"}],"version-history":[{"count":8,"href":"https:\/\/portaldaacorianidade.azores.gov.pt\/en\/wp-json\/wp\/v2\/pages\/2531\/revisions"}],"predecessor-version":[{"id":3180,"href":"https:\/\/portaldaacorianidade.azores.gov.pt\/en\/wp-json\/wp\/v2\/pages\/2531\/revisions\/3180"}],"wp:attachment":[{"href":"https:\/\/portaldaacorianidade.azores.gov.pt\/en\/wp-json\/wp\/v2\/media?parent=2531"}],"curies":[{"name":"wp","href":"https:\/\/api.w.org\/{rel}","templated":true}]}}