{"id":2374,"date":"2021-09-10T15:21:04","date_gmt":"2021-09-10T15:21:04","guid":{"rendered":"http:\/\/portaldaacorianidade.azores.gov.pt\/projecto\/"},"modified":"2022-05-25T15:33:11","modified_gmt":"2022-05-25T15:33:11","slug":"projecto","status":"publish","type":"page","link":"https:\/\/portaldaacorianidade.azores.gov.pt\/en\/projecto\/","title":{"rendered":"Project"},"content":{"rendered":"\t\t<div data-elementor-type=\"wp-page\" data-elementor-id=\"2374\" class=\"elementor elementor-2374 elementor-1118\" data-elementor-settings=\"[]\">\n\t\t\t\t\t\t\t<div class=\"elementor-section-wrap\">\n\t\t\t\t\t\t\t<section class=\" elementor-section  e_lazy_bg elementor-top-section elementor-element elementor-element-54fe867d elementor-section-boxed elementor-section-height-default elementor-section-height-default\" data-id=\"54fe867d\" data-element_type=\"section\">\n\t\t\t\t\t\t<div class=\"elementor-container elementor-column-gap-default\">\n\t\t\t\t\t<div class=\"elementor-column elementor-col-100 elementor-top-column elementor-element elementor-element-55af0a0\" data-id=\"55af0a0\" data-element_type=\"column\">\n\t\t\t<div class=\"elementor-widget-wrap elementor-element-populated\">\n\t\t\t\t\t\t\t\t<div class=\"elementor-element elementor-element-fb20479 elementor-widget elementor-widget-heading\" data-id=\"fb20479\" data-element_type=\"widget\" data-widget_type=\"heading.default\">\n\t\t\t\t<div class=\"elementor-widget-container\">\n\t\t\t<h2 class=\"elementor-heading-title elementor-size-default\">Project<\/h2>\t\t<\/div>\n\t\t\t\t<\/div>\n\t\t\t\t<div class=\"elementor-element elementor-element-3fb4800b elementor-widget elementor-widget-text-editor\" data-id=\"3fb4800b\" data-element_type=\"widget\" data-widget_type=\"text-editor.default\">\n\t\t\t\t<div class=\"elementor-widget-container\">\n\t\t\t\t\t\t\t<p>The A\u00e7orianidade Portal was created from the need to articulate and bring together in a single platform the several websites managed by the Presidency of the Government of the Azores, through the Regional Directorate for the Communities, thus facilitating the search and research of the themes covered by this department, present in its daily work and relationship with the communities.<\/p>\n<p>Therefore, and making use of the dissemination potential that new technologies offer, the A\u00e7orianidade Portal presents itself as a space capable of highlighting almost a dozen official websites dedicated to socio-cultural manifestations of the nine islands of the Autonomous Region, with significant expression in the Azorean communities abroad.<\/p>\n<p>On this digital platform you can find the websites \u201cAzoreans in the World\u201d, \u201cWorld Council of Houses of Azores\u201d, \u201cGuide to the Holy Spirit Festivities in the Azores and the Communities\u201d, \u201cGuide to the Folklore Groups of the Azores and the Communities\u201d and \u201cGuide of the Philharmonic Bands of the Azores and the Communities\u201d.<\/p>\n<p>Here you can also find the new version of the \u201cAzorean Communities\u201d website, dedicated to scientific works, as well as access links to two new projects, under construction: the \u201cDigital Catalog of the General Bibliography of the Azorean Diaspora\u201d and the \u201cVirtual visit to the Collection of Memories of the Regional Directorate for Communities\u201d.<\/p>\n<p>You will also find links to visit other websites of government, namely, the Government of the Azores Portal, where you will find up-to-date information on government activity and government departments, and the Azores Culture website, that offers news about Azorean culture, just one click away.<\/p>\n<p>The A\u00e7orianidade Portal becomes a means of bringing together several projects that allow users to access all these contents in a single space, facilitating their research and studies, and focusing on a single platform several themes of common interest to the Azorean communities and other interested parties.<\/p>\n\t\t\t\t\t\t<\/div>\n\t\t\t\t<\/div>\n\t\t\t\t\t<\/div>\n\t\t<\/div>\n\t\t\t\t\t\t\t<\/div>\n\t\t<\/section>\n\t\t\t\t\t\t<\/div>\n\t\t\t\t\t<\/div>\n\t\t","protected":false},"excerpt":{"rendered":"","protected":false},"author":1,"featured_media":0,"parent":0,"menu_order":8,"comment_status":"closed","ping_status":"closed","template":"","meta":[],"yoast_head":"<!-- This site is optimized with the Yoast SEO plugin v17.3 - https:\/\/yoast.com\/wordpress\/plugins\/seo\/ -->\n<title>Digital Platform - Project - A\u00e7orianidade Portal<\/title>\n<meta name=\"description\" content=\"Digital platform with all the sites managed by the Azorean Government that are of interest to Azorean communities.\" \/>\n<meta name=\"robots\" content=\"index, follow, max-snippet:-1, max-image-preview:large, max-video-preview:-1\" \/>\n<link rel=\"canonical\" href=\"https:\/\/portaldaacorianidade.azores.gov.pt\/en\/projecto\/\" \/>\n<meta property=\"og:locale\" content=\"en_US\" \/>\n<meta property=\"og:type\" content=\"article\" \/>\n<meta property=\"og:title\" content=\"Digital Platform - Project - A\u00e7orianidade Portal\" \/>\n<meta property=\"og:description\" content=\"Digital platform with all the sites managed by the Azorean Government that are of interest to Azorean communities.\" \/>\n<meta property=\"og:url\" content=\"https:\/\/portaldaacorianidade.azores.gov.pt\/en\/projecto\/\" \/>\n<meta property=\"og:site_name\" content=\"Portal da A\u00e7orianidade - plataforma com os sites geridos pela Vice Presid\u00eancia do Governo\" \/>\n<meta property=\"article:modified_time\" content=\"2022-05-25T15:33:11+00:00\" \/>\n<meta name=\"twitter:card\" content=\"summary_large_image\" \/>\n<meta name=\"twitter:label1\" content=\"Est. reading time\" \/>\n\t<meta name=\"twitter:data1\" content=\"2 minutes\" \/>\n<script type=\"application\/ld+json\" class=\"yoast-schema-graph\">{\"@context\":\"https:\/\/schema.org\",\"@graph\":[{\"@type\":\"WebSite\",\"@id\":\"https:\/\/portaldaacorianidade.azores.gov.pt\/#website\",\"url\":\"https:\/\/portaldaacorianidade.azores.gov.pt\/\",\"name\":\"Portal da A\\u00e7orianidade - plataforma com os sites geridos pela Vice Presid\\u00eancia do Governo\",\"description\":\" Plataforma os v\\u00e1rios sites geridos pela Vice-Presid\\u00eancia do Governo dos A\\u00e7ores, atrav\\u00e9s da Dire\\u00e7\\u00e3o Regional das Comunidades\",\"potentialAction\":[{\"@type\":\"SearchAction\",\"target\":{\"@type\":\"EntryPoint\",\"urlTemplate\":\"https:\/\/portaldaacorianidade.azores.gov.pt\/?s={search_term_string}\"},\"query-input\":\"required name=search_term_string\"}],\"inLanguage\":\"en-US\"},{\"@type\":\"WebPage\",\"@id\":\"https:\/\/portaldaacorianidade.azores.gov.pt\/en\/projecto\/#webpage\",\"url\":\"https:\/\/portaldaacorianidade.azores.gov.pt\/en\/projecto\/\",\"name\":\"Digital Platform - Project - A\\u00e7orianidade Portal\",\"isPartOf\":{\"@id\":\"https:\/\/portaldaacorianidade.azores.gov.pt\/#website\"},\"datePublished\":\"2021-09-10T15:21:04+00:00\",\"dateModified\":\"2022-05-25T15:33:11+00:00\",\"description\":\"Digital platform with all the sites managed by the Azorean Government that are of interest to Azorean communities.\",\"breadcrumb\":{\"@id\":\"https:\/\/portaldaacorianidade.azores.gov.pt\/en\/projecto\/#breadcrumb\"},\"inLanguage\":\"en-US\",\"potentialAction\":[{\"@type\":\"ReadAction\",\"target\":[\"https:\/\/portaldaacorianidade.azores.gov.pt\/en\/projecto\/\"]}]},{\"@type\":\"BreadcrumbList\",\"@id\":\"https:\/\/portaldaacorianidade.azores.gov.pt\/en\/projecto\/#breadcrumb\",\"itemListElement\":[{\"@type\":\"ListItem\",\"position\":1,\"name\":\"Project\"}]}]}<\/script>\n<!-- \/ Yoast SEO plugin. -->","yoast_head_json":{"title":"Digital Platform - Project - A\u00e7orianidade Portal","description":"Digital platform with all the sites managed by the Azorean Government that are of interest to Azorean communities.","robots":{"index":"index","follow":"follow","max-snippet":"max-snippet:-1","max-image-preview":"max-image-preview:large","max-video-preview":"max-video-preview:-1"},"canonical":"https:\/\/portaldaacorianidade.azores.gov.pt\/en\/projecto\/","og_locale":"en_US","og_type":"article","og_title":"Digital Platform - Project - A\u00e7orianidade Portal","og_description":"Digital platform with all the sites managed by the Azorean Government that are of interest to Azorean communities.","og_url":"https:\/\/portaldaacorianidade.azores.gov.pt\/en\/projecto\/","og_site_name":"Portal da A\u00e7orianidade - plataforma com os sites geridos pela Vice Presid\u00eancia do Governo","article_modified_time":"2022-05-25T15:33:11+00:00","twitter_card":"summary_large_image","twitter_misc":{"Est. reading time":"2 minutes"},"schema":{"@context":"https:\/\/schema.org","@graph":[{"@type":"WebSite","@id":"https:\/\/portaldaacorianidade.azores.gov.pt\/#website","url":"https:\/\/portaldaacorianidade.azores.gov.pt\/","name":"Portal da A\u00e7orianidade - plataforma com os sites geridos pela Vice Presid\u00eancia do Governo","description":" Plataforma os v\u00e1rios sites geridos pela Vice-Presid\u00eancia do Governo dos A\u00e7ores, atrav\u00e9s da Dire\u00e7\u00e3o Regional das Comunidades","potentialAction":[{"@type":"SearchAction","target":{"@type":"EntryPoint","urlTemplate":"https:\/\/portaldaacorianidade.azores.gov.pt\/?s={search_term_string}"},"query-input":"required name=search_term_string"}],"inLanguage":"en-US"},{"@type":"WebPage","@id":"https:\/\/portaldaacorianidade.azores.gov.pt\/en\/projecto\/#webpage","url":"https:\/\/portaldaacorianidade.azores.gov.pt\/en\/projecto\/","name":"Digital Platform - Project - A\u00e7orianidade Portal","isPartOf":{"@id":"https:\/\/portaldaacorianidade.azores.gov.pt\/#website"},"datePublished":"2021-09-10T15:21:04+00:00","dateModified":"2022-05-25T15:33:11+00:00","description":"Digital platform with all the sites managed by the Azorean Government that are of interest to Azorean communities.","breadcrumb":{"@id":"https:\/\/portaldaacorianidade.azores.gov.pt\/en\/projecto\/#breadcrumb"},"inLanguage":"en-US","potentialAction":[{"@type":"ReadAction","target":["https:\/\/portaldaacorianidade.azores.gov.pt\/en\/projecto\/"]}]},{"@type":"BreadcrumbList","@id":"https:\/\/portaldaacorianidade.azores.gov.pt\/en\/projecto\/#breadcrumb","itemListElement":[{"@type":"ListItem","position":1,"name":"Project"}]}]}},"_links":{"self":[{"href":"https:\/\/portaldaacorianidade.azores.gov.pt\/en\/wp-json\/wp\/v2\/pages\/2374"}],"collection":[{"href":"https:\/\/portaldaacorianidade.azores.gov.pt\/en\/wp-json\/wp\/v2\/pages"}],"about":[{"href":"https:\/\/portaldaacorianidade.azores.gov.pt\/en\/wp-json\/wp\/v2\/types\/page"}],"author":[{"embeddable":true,"href":"https:\/\/portaldaacorianidade.azores.gov.pt\/en\/wp-json\/wp\/v2\/users\/1"}],"replies":[{"embeddable":true,"href":"https:\/\/portaldaacorianidade.azores.gov.pt\/en\/wp-json\/wp\/v2\/comments?post=2374"}],"version-history":[{"count":12,"href":"https:\/\/portaldaacorianidade.azores.gov.pt\/en\/wp-json\/wp\/v2\/pages\/2374\/revisions"}],"predecessor-version":[{"id":4109,"href":"https:\/\/portaldaacorianidade.azores.gov.pt\/en\/wp-json\/wp\/v2\/pages\/2374\/revisions\/4109"}],"wp:attachment":[{"href":"https:\/\/portaldaacorianidade.azores.gov.pt\/en\/wp-json\/wp\/v2\/media?parent=2374"}],"curies":[{"name":"wp","href":"https:\/\/api.w.org\/{rel}","templated":true}]}}