{"id":2373,"date":"2021-09-10T15:45:20","date_gmt":"2021-09-10T15:45:20","guid":{"rendered":"http:\/\/portaldaacorianidade.azores.gov.pt\/mensagens\/"},"modified":"2022-01-11T12:01:15","modified_gmt":"2022-01-11T12:01:15","slug":"mensagens","status":"publish","type":"page","link":"https:\/\/portaldaacorianidade.azores.gov.pt\/en\/mensagens\/","title":{"rendered":"Messages"},"content":{"rendered":"\t\t<div data-elementor-type=\"wp-page\" data-elementor-id=\"2373\" class=\"elementor elementor-2373 elementor-1131\" data-elementor-settings=\"[]\">\n\t\t\t\t\t\t\t<div class=\"elementor-section-wrap\">\n\t\t\t\t\t\t\t<section class=\" elementor-section  e_lazy_bg elementor-top-section elementor-element elementor-element-5dc2666 elementor-section-boxed elementor-section-height-default elementor-section-height-default\" data-id=\"5dc2666\" data-element_type=\"section\">\n\t\t\t\t\t\t<div class=\"elementor-container elementor-column-gap-default\">\n\t\t\t\t\t<div class=\"elementor-column elementor-col-100 elementor-top-column elementor-element elementor-element-2be728d\" data-id=\"2be728d\" data-element_type=\"column\">\n\t\t\t<div class=\"elementor-widget-wrap elementor-element-populated\">\n\t\t\t\t\t\t\t\t<div class=\"elementor-element elementor-element-5506951 elementor-widget elementor-widget-heading\" data-id=\"5506951\" data-element_type=\"widget\" data-widget_type=\"heading.default\">\n\t\t\t\t<div class=\"elementor-widget-container\">\n\t\t\t<h2 class=\"elementor-heading-title elementor-size-default\">Messages<\/h2>\t\t<\/div>\n\t\t\t\t<\/div>\n\t\t\t\t<div class=\"elementor-element elementor-element-ef1d4b9 e-add-col-1 e-add-posts-layout-left e-add-col-tablet-1 force-default-mobile-yes e-add-align-mobile-left e-add-col-mobile-1 e-add-align-left elementor-widget elementor-widget-e-query-posts\" data-id=\"ef1d4b9\" data-element_type=\"widget\" data-settings=\"{&quot;infiniteScroll_enable&quot;:&quot;yes&quot;,&quot;infiniteScroll_trigger&quot;:&quot;scroll&quot;,&quot;grid_grid_type&quot;:&quot;flex&quot;,&quot;grid_scrollreveal_effect_type&quot;:&quot;0&quot;}\" data-widget_type=\"e-query-posts.grid\">\n\t\t\t\t<div class=\"elementor-widget-container\">\n\t\t\t                <div class=\"e-add-posts-container e-add-posts  e-add-skin-grid e-add-skin-grid-flex\">\n                    <div class=\"e-add-posts-wrapper e-add-proto-wrapper e-add-wrapper-grid e-add-wrapper-e-skin\">\n                    <article class=\"e-add-post e-add-post-item e-add-post-item-ef1d4b9 e-add-proto-item e-add-item-grid e-add-item-e-skin post-4006 mensagens type-mensagens status-publish has-post-thumbnail hentry\" data-post-id=\"4006\" data-post-index=\"0\">\n                        <div class=\"e-add-post-block e-add-post-block-0\">\n\n        <div class=\"e-add-image-area e-add-item-area\"><div class=\"e-add-item e-add-item_image elementor-repeater-item-bc6c42a\" data-item-id=\"bc6c42a\"><a class=\"e-add-post-image\" href=\"https:\/\/portaldaacorianidade.azores.gov.pt\/en\/mensagens\/jose-manuel-bolieiro-presidente-do-governo-regional-dos-acores\/\"><figure class=\"e-add-img\"><img width=\"644\" height=\"966\" src=\"https:\/\/portaldaacorianidade.azores.gov.pt\/wp-content\/uploads\/2021\/10\/Fotografia-Oficial-Jose-Manuel-Bolieiro.png\" class=\"\" alt=\"Jos\u00e9 Manuel Bolieiro - Presidente do Governo Regional dos A\u00e7ores\" loading=\"lazy\" srcset=\"https:\/\/portaldaacorianidade.azores.gov.pt\/wp-content\/uploads\/2021\/10\/Fotografia-Oficial-Jose-Manuel-Bolieiro.png 644w, https:\/\/portaldaacorianidade.azores.gov.pt\/wp-content\/uploads\/2021\/10\/Fotografia-Oficial-Jose-Manuel-Bolieiro-200x300.png 200w\" sizes=\"(max-width: 644px) 100vw, 644px\" \/><\/figure><\/a><\/div><\/div><div class=\"e-add-content-area e-add-item-area\"><div class=\"e-add-item e-add-item_image elementor-repeater-item-bc6c42a\" data-item-id=\"bc6c42a\"><\/div><div class=\"e-add-item e-add-item_title elementor-repeater-item-3e08e2d\" data-item-id=\"3e08e2d\"><h3 class=\"e-add-post-title\">        <a href=\"https:\/\/portaldaacorianidade.azores.gov.pt\/en\/mensagens\/jose-manuel-bolieiro-presidente-do-governo-regional-dos-acores\/\">Jos\u00e9 Manuel Bolieiro \u2013 President of the Regional Government of the Azores        <\/a>        <\/h3>        <\/div><div class=\"e-add-item e-add-item_content elementor-repeater-item-63f34e7\" data-item-id=\"63f34e7\"><div class=\"e-add-post-content\">A\u00e7orianidade from Vitorino Nem\u00e9sio, the soul of being Azorean inside and outside our archipelago, gathers in one single word and with origin in several conditions, the identity of our people.\r\n\r\nThe Portal da A\u00e7orianidade, the project that is presented here, has the goal to highlight, in the same digital space, some of these identifying conditions that are expressed throughout various demonstrations.\r\n\r\nThe devotion to the Holy Spirit, the associative and cultural importance of our folklore dance groups and philharmonic bands, the role and mission of the World Council of Houses of the Azores or the platform Azoreans in the World, linked to the Azorean Diaspora Council, earn a new life by being now together and accessible in one website, which meets the plan of the Regional Government to narrow and bring even closer the diaspora to the Region.<\/div><\/div><\/div>            <\/div>\n                    <\/article>\n                    <\/div>\n                        <\/div>\n                        \t\t<\/div>\n\t\t\t\t<\/div>\n\t\t\t\t\t<\/div>\n\t\t<\/div>\n\t\t\t\t\t\t\t<\/div>\n\t\t<\/section>\n\t\t\t\t\t\t<\/div>\n\t\t\t\t\t<\/div>\n\t\t","protected":false},"excerpt":{"rendered":"<p>Jos\u00e9 Manuel Bolieiro \u2013 Presidente do Governo Regional dos A\u00e7ores A A\u00e7orianidade de Vitorino Nem\u00e9sio, a alma do ser-se a\u00e7oriano dentro ou fora do nosso arquip\u00e9lago, re\u00fane num s\u00f3 termo e com origem num conjunto de condi\u00e7\u00f5es, a identidade das nossas gentes. O Portal da A\u00e7orianidade, projeto que aqui se apresenta, tem como objetivo destacar [&hellip;]<\/p>\n","protected":false},"author":1,"featured_media":0,"parent":0,"menu_order":7,"comment_status":"closed","ping_status":"closed","template":"","meta":[],"yoast_head":"<!-- This site is optimized with the Yoast SEO plugin v17.3 - https:\/\/yoast.com\/wordpress\/plugins\/seo\/ -->\n<title>Messages - Portal da A\u00e7orianidade - plataforma com os sites geridos pela Vice Presid\u00eancia do Governo<\/title>\n<meta name=\"robots\" content=\"index, follow, max-snippet:-1, max-image-preview:large, max-video-preview:-1\" \/>\n<link rel=\"canonical\" href=\"https:\/\/portaldaacorianidade.azores.gov.pt\/en\/mensagens\/\" \/>\n<meta property=\"og:locale\" content=\"en_US\" \/>\n<meta property=\"og:type\" content=\"article\" \/>\n<meta property=\"og:title\" content=\"Messages - Portal da A\u00e7orianidade - plataforma com os sites geridos pela Vice Presid\u00eancia do Governo\" \/>\n<meta property=\"og:description\" content=\"Jos\u00e9 Manuel Bolieiro \u2013 Presidente do Governo Regional dos A\u00e7ores A A\u00e7orianidade de Vitorino Nem\u00e9sio, a alma do ser-se a\u00e7oriano dentro ou fora do nosso arquip\u00e9lago, re\u00fane num s\u00f3 termo e com origem num conjunto de condi\u00e7\u00f5es, a identidade das nossas gentes. O Portal da A\u00e7orianidade, projeto que aqui se apresenta, tem como objetivo destacar [&hellip;]\" \/>\n<meta property=\"og:url\" content=\"https:\/\/portaldaacorianidade.azores.gov.pt\/mensagens\/\" \/>\n<meta property=\"og:site_name\" content=\"Portal da A\u00e7orianidade - plataforma com os sites geridos pela Vice Presid\u00eancia do Governo\" \/>\n<meta property=\"article:modified_time\" content=\"2022-01-11T12:01:15+00:00\" \/>\n<meta property=\"og:image\" content=\"https:\/\/portaldaacorianidade.azores.gov.pt\/wp-content\/uploads\/2021\/10\/Fotografia-Oficial-Jose-Manuel-Bolieiro.png\" \/>\n<meta name=\"twitter:card\" content=\"summary_large_image\" \/>\n<meta name=\"twitter:label1\" content=\"Est. reading time\" \/>\n\t<meta name=\"twitter:data1\" content=\"2 minutes\" \/>\n<script type=\"application\/ld+json\" class=\"yoast-schema-graph\">{\"@context\":\"https:\/\/schema.org\",\"@graph\":[{\"@type\":\"WebSite\",\"@id\":\"https:\/\/portaldaacorianidade.azores.gov.pt\/#website\",\"url\":\"https:\/\/portaldaacorianidade.azores.gov.pt\/\",\"name\":\"Portal da A\\u00e7orianidade - plataforma com os sites geridos pela Vice Presid\\u00eancia do Governo\",\"description\":\" Plataforma os v\\u00e1rios sites geridos pela Vice-Presid\\u00eancia do Governo dos A\\u00e7ores, atrav\\u00e9s da Dire\\u00e7\\u00e3o Regional das Comunidades\",\"potentialAction\":[{\"@type\":\"SearchAction\",\"target\":{\"@type\":\"EntryPoint\",\"urlTemplate\":\"https:\/\/portaldaacorianidade.azores.gov.pt\/?s={search_term_string}\"},\"query-input\":\"required name=search_term_string\"}],\"inLanguage\":\"en-US\"},{\"@type\":\"ImageObject\",\"@id\":\"https:\/\/portaldaacorianidade.azores.gov.pt\/mensagens\/#primaryimage\",\"inLanguage\":\"en-US\",\"url\":\"https:\/\/portaldaacorianidade.azores.gov.pt\/wp-content\/uploads\/2021\/10\/Fotografia-Oficial-Jose-Manuel-Bolieiro.png\",\"contentUrl\":\"https:\/\/portaldaacorianidade.azores.gov.pt\/wp-content\/uploads\/2021\/10\/Fotografia-Oficial-Jose-Manuel-Bolieiro.png\",\"width\":644,\"height\":966,\"caption\":\"Jos\\u00e9 Manuel Bolieiro - Presidente do Governo Regional dos A\\u00e7ores\"},{\"@type\":\"WebPage\",\"@id\":\"https:\/\/portaldaacorianidade.azores.gov.pt\/mensagens\/#webpage\",\"url\":\"https:\/\/portaldaacorianidade.azores.gov.pt\/mensagens\/\",\"name\":\"Messages - Portal da A\\u00e7orianidade - plataforma com os sites geridos pela Vice Presid\\u00eancia do Governo\",\"isPartOf\":{\"@id\":\"https:\/\/portaldaacorianidade.azores.gov.pt\/#website\"},\"primaryImageOfPage\":{\"@id\":\"https:\/\/portaldaacorianidade.azores.gov.pt\/mensagens\/#primaryimage\"},\"datePublished\":\"2021-09-10T15:45:20+00:00\",\"dateModified\":\"2022-01-11T12:01:15+00:00\",\"breadcrumb\":{\"@id\":\"https:\/\/portaldaacorianidade.azores.gov.pt\/mensagens\/#breadcrumb\"},\"inLanguage\":\"en-US\",\"potentialAction\":[{\"@type\":\"ReadAction\",\"target\":[\"https:\/\/portaldaacorianidade.azores.gov.pt\/mensagens\/\"]}]},{\"@type\":\"BreadcrumbList\",\"@id\":\"https:\/\/portaldaacorianidade.azores.gov.pt\/mensagens\/#breadcrumb\",\"itemListElement\":[{\"@type\":\"ListItem\",\"position\":1,\"name\":\"Messages\"}]}]}<\/script>\n<!-- \/ Yoast SEO plugin. -->","yoast_head_json":{"title":"Messages - Portal da A\u00e7orianidade - plataforma com os sites geridos pela Vice Presid\u00eancia do Governo","robots":{"index":"index","follow":"follow","max-snippet":"max-snippet:-1","max-image-preview":"max-image-preview:large","max-video-preview":"max-video-preview:-1"},"canonical":"https:\/\/portaldaacorianidade.azores.gov.pt\/en\/mensagens\/","og_locale":"en_US","og_type":"article","og_title":"Messages - Portal da A\u00e7orianidade - plataforma com os sites geridos pela Vice Presid\u00eancia do Governo","og_description":"Jos\u00e9 Manuel Bolieiro \u2013 Presidente do Governo Regional dos A\u00e7ores A A\u00e7orianidade de Vitorino Nem\u00e9sio, a alma do ser-se a\u00e7oriano dentro ou fora do nosso arquip\u00e9lago, re\u00fane num s\u00f3 termo e com origem num conjunto de condi\u00e7\u00f5es, a identidade das nossas gentes. O Portal da A\u00e7orianidade, projeto que aqui se apresenta, tem como objetivo destacar [&hellip;]","og_url":"https:\/\/portaldaacorianidade.azores.gov.pt\/mensagens\/","og_site_name":"Portal da A\u00e7orianidade - plataforma com os sites geridos pela Vice Presid\u00eancia do Governo","article_modified_time":"2022-01-11T12:01:15+00:00","og_image":[{"url":"https:\/\/portaldaacorianidade.azores.gov.pt\/wp-content\/uploads\/2021\/10\/Fotografia-Oficial-Jose-Manuel-Bolieiro.png"}],"twitter_card":"summary_large_image","twitter_misc":{"Est. reading time":"2 minutes"},"schema":{"@context":"https:\/\/schema.org","@graph":[{"@type":"WebSite","@id":"https:\/\/portaldaacorianidade.azores.gov.pt\/#website","url":"https:\/\/portaldaacorianidade.azores.gov.pt\/","name":"Portal da A\u00e7orianidade - plataforma com os sites geridos pela Vice Presid\u00eancia do Governo","description":" Plataforma os v\u00e1rios sites geridos pela Vice-Presid\u00eancia do Governo dos A\u00e7ores, atrav\u00e9s da Dire\u00e7\u00e3o Regional das Comunidades","potentialAction":[{"@type":"SearchAction","target":{"@type":"EntryPoint","urlTemplate":"https:\/\/portaldaacorianidade.azores.gov.pt\/?s={search_term_string}"},"query-input":"required name=search_term_string"}],"inLanguage":"en-US"},{"@type":"ImageObject","@id":"https:\/\/portaldaacorianidade.azores.gov.pt\/mensagens\/#primaryimage","inLanguage":"en-US","url":"https:\/\/portaldaacorianidade.azores.gov.pt\/wp-content\/uploads\/2021\/10\/Fotografia-Oficial-Jose-Manuel-Bolieiro.png","contentUrl":"https:\/\/portaldaacorianidade.azores.gov.pt\/wp-content\/uploads\/2021\/10\/Fotografia-Oficial-Jose-Manuel-Bolieiro.png","width":644,"height":966,"caption":"Jos\u00e9 Manuel Bolieiro - Presidente do Governo Regional dos A\u00e7ores"},{"@type":"WebPage","@id":"https:\/\/portaldaacorianidade.azores.gov.pt\/mensagens\/#webpage","url":"https:\/\/portaldaacorianidade.azores.gov.pt\/mensagens\/","name":"Messages - Portal da A\u00e7orianidade - plataforma com os sites geridos pela Vice Presid\u00eancia do Governo","isPartOf":{"@id":"https:\/\/portaldaacorianidade.azores.gov.pt\/#website"},"primaryImageOfPage":{"@id":"https:\/\/portaldaacorianidade.azores.gov.pt\/mensagens\/#primaryimage"},"datePublished":"2021-09-10T15:45:20+00:00","dateModified":"2022-01-11T12:01:15+00:00","breadcrumb":{"@id":"https:\/\/portaldaacorianidade.azores.gov.pt\/mensagens\/#breadcrumb"},"inLanguage":"en-US","potentialAction":[{"@type":"ReadAction","target":["https:\/\/portaldaacorianidade.azores.gov.pt\/mensagens\/"]}]},{"@type":"BreadcrumbList","@id":"https:\/\/portaldaacorianidade.azores.gov.pt\/mensagens\/#breadcrumb","itemListElement":[{"@type":"ListItem","position":1,"name":"Messages"}]}]}},"_links":{"self":[{"href":"https:\/\/portaldaacorianidade.azores.gov.pt\/en\/wp-json\/wp\/v2\/pages\/2373"}],"collection":[{"href":"https:\/\/portaldaacorianidade.azores.gov.pt\/en\/wp-json\/wp\/v2\/pages"}],"about":[{"href":"https:\/\/portaldaacorianidade.azores.gov.pt\/en\/wp-json\/wp\/v2\/types\/page"}],"author":[{"embeddable":true,"href":"https:\/\/portaldaacorianidade.azores.gov.pt\/en\/wp-json\/wp\/v2\/users\/1"}],"replies":[{"embeddable":true,"href":"https:\/\/portaldaacorianidade.azores.gov.pt\/en\/wp-json\/wp\/v2\/comments?post=2373"}],"version-history":[{"count":15,"href":"https:\/\/portaldaacorianidade.azores.gov.pt\/en\/wp-json\/wp\/v2\/pages\/2373\/revisions"}],"predecessor-version":[{"id":4017,"href":"https:\/\/portaldaacorianidade.azores.gov.pt\/en\/wp-json\/wp\/v2\/pages\/2373\/revisions\/4017"}],"wp:attachment":[{"href":"https:\/\/portaldaacorianidade.azores.gov.pt\/en\/wp-json\/wp\/v2\/media?parent=2373"}],"curies":[{"name":"wp","href":"https:\/\/api.w.org\/{rel}","templated":true}]}}