{"id":2372,"date":"2021-09-10T16:13:57","date_gmt":"2021-09-10T16:13:57","guid":{"rendered":"http:\/\/portaldaacorianidade.azores.gov.pt\/sites\/"},"modified":"2021-10-14T16:27:38","modified_gmt":"2021-10-14T16:27:38","slug":"sites","status":"publish","type":"page","link":"https:\/\/portaldaacorianidade.azores.gov.pt\/en\/sites\/","title":{"rendered":"Sites"},"content":{"rendered":"\t\t<div data-elementor-type=\"wp-page\" data-elementor-id=\"2372\" class=\"elementor elementor-2372 elementor-1184\" data-elementor-settings=\"[]\">\n\t\t\t\t\t\t\t<div class=\"elementor-section-wrap\">\n\t\t\t\t\t\t\t<section class=\" elementor-section  e_lazy_bg elementor-top-section elementor-element elementor-element-207e63d elementor-section-boxed elementor-section-height-default elementor-section-height-default\" data-id=\"207e63d\" data-element_type=\"section\">\n\t\t\t\t\t\t<div class=\"elementor-container elementor-column-gap-no\">\n\t\t\t\t\t<div class=\"elementor-column elementor-col-50 elementor-top-column elementor-element elementor-element-218f4cb\" data-id=\"218f4cb\" data-element_type=\"column\">\n\t\t\t<div class=\"elementor-widget-wrap elementor-element-populated\">\n\t\t\t\t\t\t\t\t<div class=\"elementor-element elementor-element-d9703e9 elementor-widget elementor-widget-heading\" data-id=\"d9703e9\" data-element_type=\"widget\" data-widget_type=\"heading.default\">\n\t\t\t\t<div class=\"elementor-widget-container\">\n\t\t\t<h2 class=\"elementor-heading-title elementor-size-default\">Sites<\/h2>\t\t<\/div>\n\t\t\t\t<\/div>\n\t\t\t\t<div class=\"elementor-element elementor-element-d5a28b3 elementor-button-align-stretch elementor-widget elementor-widget-form\" data-id=\"d5a28b3\" data-element_type=\"widget\" data-settings=\"{&quot;step_next_label&quot;:&quot;Next&quot;,&quot;step_previous_label&quot;:&quot;Anterior&quot;,&quot;button_width&quot;:&quot;100&quot;,&quot;step_type&quot;:&quot;number_text&quot;,&quot;step_icon_shape&quot;:&quot;circle&quot;}\" data-widget_type=\"form.default\">\n\t\t\t\t<div class=\"elementor-widget-container\">\n\t\t\t\t\t<form class=\"elementor-form\" method=\"post\" data-query=\"1\" data-ajax=\"yes\" data-archive-id=\"e924d9b\" name=\"New Form\">\n\t\t\t<input type=\"hidden\" name=\"post_id\" value=\"2372\"\/>\n\t\t\t<input type=\"hidden\" name=\"form_id\" value=\"d5a28b3\"\/>\n\t\t\t<input type=\"hidden\" name=\"referer_title\" value=\"Portal da A\u00e7orianidade &#8211; plataforma com os sites geridos pela Vice Presid\u00eancia do Governo\" \/>\n\n\t\t\t\n\t\t\t<div class=\"elementor-form-fields-wrapper elementor-labels-\">\n\t\t\t\t\t\t\t\t<div class=\"elementor-field-type-query elementor-field-group elementor-column elementor-field-group-field_fb63bab e-onchange elementor-repeater-item-fb63bab elementor-col-100\">\n\t\t\t\t\t        \n        <div class=\"elementor-field-subgroup elementor-choices  \"><input type=\"radio\" value=\"3150\" id=\"form-field-field_fb63bab-3150\" name=\"form_fields[field_fb63bab]\" checked=\"checked\"> <label class=\"elementor-choices-label tooltip-target\" onclick=\"let radio=jQuery('#'+jQuery(this).attr('for'));if(!radio.prop('required')){if(radio.prop('checked')){radio.prop('checked',false);return false;}}\" for=\"form-field-field_fb63bab-3150\">DIGITAL CATALOG OF THE GENERAL BIBLIOGRAPHY OF THE AZOREAN DIASPORA<\/label><input type=\"radio\" value=\"3127\" id=\"form-field-field_fb63bab-3127\" name=\"form_fields[field_fb63bab]\"> <label class=\"elementor-choices-label tooltip-target\" onclick=\"let radio=jQuery('#'+jQuery(this).attr('for'));if(!radio.prop('required')){if(radio.prop('checked')){radio.prop('checked',false);return false;}}\" for=\"form-field-field_fb63bab-3127\">AZOREANS IN THE WORLD<\/label><input type=\"radio\" value=\"3129\" id=\"form-field-field_fb63bab-3129\" name=\"form_fields[field_fb63bab]\"> <label class=\"elementor-choices-label tooltip-target\" onclick=\"let radio=jQuery('#'+jQuery(this).attr('for'));if(!radio.prop('required')){if(radio.prop('checked')){radio.prop('checked',false);return false;}}\" for=\"form-field-field_fb63bab-3129\">PORTAL OF WORLD COUNCIL OF HOUSES OF AZORES<\/label><input type=\"radio\" value=\"3146\" id=\"form-field-field_fb63bab-3146\" name=\"form_fields[field_fb63bab]\"> <label class=\"elementor-choices-label tooltip-target\" onclick=\"let radio=jQuery('#'+jQuery(this).attr('for'));if(!radio.prop('required')){if(radio.prop('checked')){radio.prop('checked',false);return false;}}\" for=\"form-field-field_fb63bab-3146\">AZOREAN COMMUNITIES<\/label><input type=\"radio\" value=\"3131\" id=\"form-field-field_fb63bab-3131\" name=\"form_fields[field_fb63bab]\"> <label class=\"elementor-choices-label tooltip-target\" onclick=\"let radio=jQuery('#'+jQuery(this).attr('for'));if(!radio.prop('required')){if(radio.prop('checked')){radio.prop('checked',false);return false;}}\" for=\"form-field-field_fb63bab-3131\">GUIDE TO THE HOLY SPIRIT FESTIVITIES IN THE AZORES AND THE COMMUNITIES<\/label><input type=\"radio\" value=\"3132\" id=\"form-field-field_fb63bab-3132\" name=\"form_fields[field_fb63bab]\"> <label class=\"elementor-choices-label tooltip-target\" onclick=\"let radio=jQuery('#'+jQuery(this).attr('for'));if(!radio.prop('required')){if(radio.prop('checked')){radio.prop('checked',false);return false;}}\" for=\"form-field-field_fb63bab-3132\">GUIDE OF THE PHILHARMONIC BANDS OF THE AZORES AND THE COMMUNITIES<\/label><input type=\"radio\" value=\"3133\" id=\"form-field-field_fb63bab-3133\" name=\"form_fields[field_fb63bab]\"> <label class=\"elementor-choices-label tooltip-target\" onclick=\"let radio=jQuery('#'+jQuery(this).attr('for'));if(!radio.prop('required')){if(radio.prop('checked')){radio.prop('checked',false);return false;}}\" for=\"form-field-field_fb63bab-3133\">GUIDE TO THE FOLKLORE GROUPS OF THE AZORES AND THE COMMUNITIES<\/label><input type=\"radio\" value=\"3147\" id=\"form-field-field_fb63bab-3147\" name=\"form_fields[field_fb63bab]\"> <label class=\"elementor-choices-label tooltip-target\" onclick=\"let radio=jQuery('#'+jQuery(this).attr('for'));if(!radio.prop('required')){if(radio.prop('checked')){radio.prop('checked',false);return false;}}\" for=\"form-field-field_fb63bab-3147\">VIRTUAL VISIT TO THE COLLECTION OF MEMORIES OF THE REGIONAL DIRECTORATE FOR COMMUNITIES<\/label><\/div>        \n        \t\t\t\t<\/div>\n\t\t\t\t\t\t\t\t<div class=\"elementor-field-group elementor-column elementor-field-type-submit elementor-col-100 e-form__buttons\">\n\t\t\t\t\t<button type=\"submit\" class=\"elementor-button elementor-size-sm\">\n\t\t\t\t\t\t<span >\n\t\t\t\t\t\t\t\t\t\t\t\t\t\t\t<span class=\" elementor-button-icon\">\n\t\t\t\t\t\t\t\t\t\t\t\t\t\t\t\t\t\t\t\t\t\t\t\t\t\t<\/span>\n\t\t\t\t\t\t\t\t\t\t\t\t\t\t\t\t\t\t\t\t\t\t<span class=\"elementor-button-text\">Send<\/span>\n\t\t\t\t\t\t\t\t\t\t\t\t\t<\/span>\n\t\t\t\t\t<\/button>\n\t\t\t\t<\/div>\n\t\t\t<\/div>\n\t\t<textarea class=\"elementor-hidden\" name=\"wp_query\">{\"query\":null,\"query_vars\":{\"lang\":\"en\"},\"tax_query\":null,\"meta_query\":false,\"date_query\":false,\"queried_object\":null,\"queried_object_id\":null,\"request\":null,\"posts\":null,\"post_count\":0,\"current_post\":-1,\"in_the_loop\":false,\"post\":null,\"comments\":null,\"comment_count\":0,\"current_comment\":-1,\"comment\":null,\"found_posts\":0,\"max_num_pages\":0,\"max_num_comment_pages\":0,\"is_single\":false,\"is_preview\":false,\"is_page\":false,\"is_archive\":false,\"is_date\":false,\"is_year\":false,\"is_month\":false,\"is_day\":false,\"is_time\":false,\"is_author\":false,\"is_category\":false,\"is_tag\":false,\"is_tax\":false,\"is_search\":false,\"is_feed\":false,\"is_comment_feed\":false,\"is_trackback\":false,\"is_home\":false,\"is_privacy_policy\":false,\"is_404\":false,\"is_embed\":false,\"is_paged\":false,\"is_admin\":false,\"is_attachment\":false,\"is_singular\":false,\"is_robots\":false,\"is_favicon\":false,\"is_posts_page\":false,\"is_post_type_archive\":false,\"thumbnails_cached\":false}<\/textarea><\/form>\n\t\t<style>.elementor-element-d5a28b3 form > .elementor-form-fields-wrapper > .elementor-field-type-submit:last-child,.elementor-element-d5a28b3 form > .elementor-form-fields-wrapper > .elementor-field-type-step:last-child > .e-form__buttons > .elementor-field-type-submit{ display: none; }<\/style><style>.elementor-element-d5a28b3 .elementor-message{display:none;}<\/style>\t\t<\/div>\n\t\t\t\t<\/div>\n\t\t\t\t\t<\/div>\n\t\t<\/div>\n\t\t\t\t<div class=\"elementor-column elementor-col-50 elementor-top-column elementor-element elementor-element-729b42e\" data-id=\"729b42e\" data-element_type=\"column\">\n\t\t\t<div class=\"elementor-widget-wrap elementor-element-populated\">\n\t\t\t\t\t\t\t\t<div class=\"elementor-element elementor-element-e924d9b e-add-col-1 e-add-col-tablet-1 e-add-align-right elementor-widget__width-inherit e-add-col-mobile-1 e-add-posts-layout-default elementor-widget elementor-widget-e-query-posts\" data-id=\"e924d9b\" data-element_type=\"widget\" data-settings=\"{&quot;grid_grid_type&quot;:&quot;flex&quot;,&quot;grid_scrollreveal_effect_type&quot;:&quot;0&quot;}\" data-widget_type=\"e-query-posts.grid\">\n\t\t\t\t<div class=\"elementor-widget-container\">\n\t\t\t                <div class=\"e-add-posts-container e-add-posts  e-add-skin-grid e-add-skin-grid-flex\">\n                    <div class=\"e-add-posts-wrapper e-add-proto-wrapper e-add-wrapper-grid e-add-wrapper-e-skin\">\n                    <article class=\"e-add-post e-add-post-item e-add-post-item-e924d9b e-add-proto-item e-add-item-grid e-add-item-e-skin post-3150 sites type-sites status-publish has-post-thumbnail hentry\" data-post-id=\"3150\" data-post-index=\"0\">\n                        <div class=\"e-add-post-block e-add-post-block-0\">\n\n        <div class=\"e-add-item e-add-item_image elementor-repeater-item-3f104be\" data-item-id=\"3f104be\"><a class=\"e-add-post-image\" href=\"https:\/\/portaldaacorianidade.azores.gov.pt\/en\/sites\/catalogo-digital-da-bibliografia-geral-da-diaspota-acoriana\/\"><figure class=\"e-add-img\"><img width=\"1251\" height=\"802\" src=\"https:\/\/portaldaacorianidade.azores.gov.pt\/wp-content\/uploads\/2021\/09\/CatalogoColetivo.png\" class=\"\" alt=\"Bibliografia da Di\u00e1spora\" loading=\"lazy\" srcset=\"https:\/\/portaldaacorianidade.azores.gov.pt\/wp-content\/uploads\/2021\/09\/CatalogoColetivo.png 1251w, https:\/\/portaldaacorianidade.azores.gov.pt\/wp-content\/uploads\/2021\/09\/CatalogoColetivo-300x192.png 300w, https:\/\/portaldaacorianidade.azores.gov.pt\/wp-content\/uploads\/2021\/09\/CatalogoColetivo-1024x656.png 1024w, https:\/\/portaldaacorianidade.azores.gov.pt\/wp-content\/uploads\/2021\/09\/CatalogoColetivo-768x492.png 768w\" sizes=\"(max-width: 1251px) 100vw, 1251px\" \/><\/figure><\/a><\/div><div class=\"e-add-item e-add-item_content elementor-repeater-item-e7af7d5\" data-item-id=\"e7af7d5\"><div class=\"e-add-post-content\"><p>This digital catalog is composed of more than 500 works dedicated to the themes of emigration and immigration, as well as books written by Azorean authors based in the Diaspora, which are part of the existing assets in the three poles of the <a href=\"https:\/\/portal.azores.gov.pt\/en\/web\/drcomunidades\" target=\"_blank\" rel=\"noopener\">Regional Directorate for Communities<\/a>, in Ponta Delgada, Angra do Hero\u00edsmo and Horta. Under construction.<\/p>\n<\/div><\/div><div class=\"e-add-item e-add-item_readmore elementor-repeater-item-45aff1b\" data-item-id=\"45aff1b\">            <div class=\"e-add-post-button\">\n                <a href=\"https:\/\/ccbibliotecas.azores.gov.pt\/cgi-bin\/koha\/opac-search.pl?&amp;limit=branch%3ACDDRC&amp;sort_by=relevance_az&amp;limit=holdingbranch:CDDRC\" target=\"_blank\" class=\"elementor-button-link elementor-button e-add-button elementor-size-sm\" role=\"button\">\n            Visitar Site                <\/a>\n            <\/div>\n            <\/div>            <\/div>\n                    <\/article>\n                    <\/div>\n                        <\/div>\n                        \t\t<\/div>\n\t\t\t\t<\/div>\n\t\t\t\t\t<\/div>\n\t\t<\/div>\n\t\t\t\t\t\t\t<\/div>\n\t\t<\/section>\n\t\t\t\t\t\t<\/div>\n\t\t\t\t\t<\/div>\n\t\t","protected":false},"excerpt":{"rendered":"<p>Sites &nbsp; The Collective Catalog of Libraries \u2013 Azores Bibliographic Heritage brings together bibliographic collections from various institutions in the Autonomous Region of the Azores, namely the three largest public libraries in the Region, located in the cities of Angra do Hero\u00edsmo, Horta and Ponta Delgada, as well as other libraries and centers Information and [&hellip;]<\/p>\n","protected":false},"author":1,"featured_media":0,"parent":0,"menu_order":3,"comment_status":"closed","ping_status":"closed","template":"","meta":[],"yoast_head":"<!-- This site is optimized with the Yoast SEO plugin v17.3 - https:\/\/yoast.com\/wordpress\/plugins\/seo\/ -->\n<title>Community Platform - Sites - A\u00e7orianidade Portal<\/title>\n<meta name=\"description\" content=\"Platform for access to different sites of common interest to Azorean communities. See here which sites are available!\" \/>\n<meta name=\"robots\" content=\"index, follow, max-snippet:-1, max-image-preview:large, max-video-preview:-1\" \/>\n<link rel=\"canonical\" href=\"https:\/\/portaldaacorianidade.azores.gov.pt\/en\/sites\/?lang=en\" \/>\n<meta property=\"og:locale\" content=\"en_US\" \/>\n<meta property=\"og:type\" content=\"article\" \/>\n<meta property=\"og:title\" content=\"Community Platform - Sites - A\u00e7orianidade Portal\" \/>\n<meta property=\"og:description\" content=\"Platform for access to different sites of common interest to Azorean communities. See here which sites are available!\" \/>\n<meta property=\"og:url\" content=\"https:\/\/portaldaacorianidade.azores.gov.pt\/sites\/?lang=en\" \/>\n<meta property=\"og:site_name\" content=\"Portal da A\u00e7orianidade - plataforma com os sites geridos pela Vice Presid\u00eancia do Governo\" \/>\n<meta property=\"article:modified_time\" content=\"2021-10-14T16:27:38+00:00\" \/>\n<meta property=\"og:image\" content=\"http:\/\/portaldaacorianidade.azores.gov.pt\/wp-content\/uploads\/2021\/10\/CCB-1300x842.png\" \/>\n<meta name=\"twitter:card\" content=\"summary_large_image\" \/>\n<meta name=\"twitter:label1\" content=\"Est. reading time\" \/>\n\t<meta name=\"twitter:data1\" content=\"3 minutes\" \/>\n<script type=\"application\/ld+json\" class=\"yoast-schema-graph\">{\"@context\":\"https:\/\/schema.org\",\"@graph\":[{\"@type\":\"WebSite\",\"@id\":\"https:\/\/portaldaacorianidade.azores.gov.pt\/#website\",\"url\":\"https:\/\/portaldaacorianidade.azores.gov.pt\/\",\"name\":\"Portal da A\\u00e7orianidade - plataforma com os sites geridos pela Vice Presid\\u00eancia do Governo\",\"description\":\" Plataforma os v\\u00e1rios sites geridos pela Vice-Presid\\u00eancia do Governo dos A\\u00e7ores, atrav\\u00e9s da Dire\\u00e7\\u00e3o Regional das Comunidades\",\"potentialAction\":[{\"@type\":\"SearchAction\",\"target\":{\"@type\":\"EntryPoint\",\"urlTemplate\":\"https:\/\/portaldaacorianidade.azores.gov.pt\/?s={search_term_string}\"},\"query-input\":\"required name=search_term_string\"}],\"inLanguage\":\"en-US\"},{\"@type\":\"ImageObject\",\"@id\":\"https:\/\/portaldaacorianidade.azores.gov.pt\/sites\/?lang=en#primaryimage\",\"inLanguage\":\"en-US\",\"url\":\"http:\/\/portaldaacorianidade.azores.gov.pt\/wp-content\/uploads\/2021\/10\/CCB-1300x842.png\",\"contentUrl\":\"http:\/\/portaldaacorianidade.azores.gov.pt\/wp-content\/uploads\/2021\/10\/CCB-1300x842.png\"},{\"@type\":\"WebPage\",\"@id\":\"https:\/\/portaldaacorianidade.azores.gov.pt\/sites\/?lang=en#webpage\",\"url\":\"https:\/\/portaldaacorianidade.azores.gov.pt\/sites\/?lang=en\",\"name\":\"Community Platform - Sites - A\\u00e7orianidade Portal\",\"isPartOf\":{\"@id\":\"https:\/\/portaldaacorianidade.azores.gov.pt\/#website\"},\"primaryImageOfPage\":{\"@id\":\"https:\/\/portaldaacorianidade.azores.gov.pt\/sites\/?lang=en#primaryimage\"},\"datePublished\":\"2021-09-10T16:13:57+00:00\",\"dateModified\":\"2021-10-14T16:27:38+00:00\",\"description\":\"Platform for access to different sites of common interest to Azorean communities. See here which sites are available!\",\"breadcrumb\":{\"@id\":\"https:\/\/portaldaacorianidade.azores.gov.pt\/sites\/?lang=en#breadcrumb\"},\"inLanguage\":\"en-US\",\"potentialAction\":[{\"@type\":\"ReadAction\",\"target\":[\"https:\/\/portaldaacorianidade.azores.gov.pt\/sites\/?lang=en\"]}]},{\"@type\":\"BreadcrumbList\",\"@id\":\"https:\/\/portaldaacorianidade.azores.gov.pt\/sites\/?lang=en#breadcrumb\",\"itemListElement\":[{\"@type\":\"ListItem\",\"position\":1,\"name\":\"Sites\"}]}]}<\/script>\n<!-- \/ Yoast SEO plugin. -->","yoast_head_json":{"title":"Community Platform - Sites - A\u00e7orianidade Portal","description":"Platform for access to different sites of common interest to Azorean communities. See here which sites are available!","robots":{"index":"index","follow":"follow","max-snippet":"max-snippet:-1","max-image-preview":"max-image-preview:large","max-video-preview":"max-video-preview:-1"},"canonical":"https:\/\/portaldaacorianidade.azores.gov.pt\/en\/sites\/?lang=en","og_locale":"en_US","og_type":"article","og_title":"Community Platform - Sites - A\u00e7orianidade Portal","og_description":"Platform for access to different sites of common interest to Azorean communities. See here which sites are available!","og_url":"https:\/\/portaldaacorianidade.azores.gov.pt\/sites\/?lang=en","og_site_name":"Portal da A\u00e7orianidade - plataforma com os sites geridos pela Vice Presid\u00eancia do Governo","article_modified_time":"2021-10-14T16:27:38+00:00","og_image":[{"url":"http:\/\/portaldaacorianidade.azores.gov.pt\/wp-content\/uploads\/2021\/10\/CCB-1300x842.png"}],"twitter_card":"summary_large_image","twitter_misc":{"Est. reading time":"3 minutes"},"schema":{"@context":"https:\/\/schema.org","@graph":[{"@type":"WebSite","@id":"https:\/\/portaldaacorianidade.azores.gov.pt\/#website","url":"https:\/\/portaldaacorianidade.azores.gov.pt\/","name":"Portal da A\u00e7orianidade - plataforma com os sites geridos pela Vice Presid\u00eancia do Governo","description":" Plataforma os v\u00e1rios sites geridos pela Vice-Presid\u00eancia do Governo dos A\u00e7ores, atrav\u00e9s da Dire\u00e7\u00e3o Regional das Comunidades","potentialAction":[{"@type":"SearchAction","target":{"@type":"EntryPoint","urlTemplate":"https:\/\/portaldaacorianidade.azores.gov.pt\/?s={search_term_string}"},"query-input":"required name=search_term_string"}],"inLanguage":"en-US"},{"@type":"ImageObject","@id":"https:\/\/portaldaacorianidade.azores.gov.pt\/sites\/?lang=en#primaryimage","inLanguage":"en-US","url":"http:\/\/portaldaacorianidade.azores.gov.pt\/wp-content\/uploads\/2021\/10\/CCB-1300x842.png","contentUrl":"http:\/\/portaldaacorianidade.azores.gov.pt\/wp-content\/uploads\/2021\/10\/CCB-1300x842.png"},{"@type":"WebPage","@id":"https:\/\/portaldaacorianidade.azores.gov.pt\/sites\/?lang=en#webpage","url":"https:\/\/portaldaacorianidade.azores.gov.pt\/sites\/?lang=en","name":"Community Platform - Sites - A\u00e7orianidade Portal","isPartOf":{"@id":"https:\/\/portaldaacorianidade.azores.gov.pt\/#website"},"primaryImageOfPage":{"@id":"https:\/\/portaldaacorianidade.azores.gov.pt\/sites\/?lang=en#primaryimage"},"datePublished":"2021-09-10T16:13:57+00:00","dateModified":"2021-10-14T16:27:38+00:00","description":"Platform for access to different sites of common interest to Azorean communities. See here which sites are available!","breadcrumb":{"@id":"https:\/\/portaldaacorianidade.azores.gov.pt\/sites\/?lang=en#breadcrumb"},"inLanguage":"en-US","potentialAction":[{"@type":"ReadAction","target":["https:\/\/portaldaacorianidade.azores.gov.pt\/sites\/?lang=en"]}]},{"@type":"BreadcrumbList","@id":"https:\/\/portaldaacorianidade.azores.gov.pt\/sites\/?lang=en#breadcrumb","itemListElement":[{"@type":"ListItem","position":1,"name":"Sites"}]}]}},"_links":{"self":[{"href":"https:\/\/portaldaacorianidade.azores.gov.pt\/en\/wp-json\/wp\/v2\/pages\/2372"}],"collection":[{"href":"https:\/\/portaldaacorianidade.azores.gov.pt\/en\/wp-json\/wp\/v2\/pages"}],"about":[{"href":"https:\/\/portaldaacorianidade.azores.gov.pt\/en\/wp-json\/wp\/v2\/types\/page"}],"author":[{"embeddable":true,"href":"https:\/\/portaldaacorianidade.azores.gov.pt\/en\/wp-json\/wp\/v2\/users\/1"}],"replies":[{"embeddable":true,"href":"https:\/\/portaldaacorianidade.azores.gov.pt\/en\/wp-json\/wp\/v2\/comments?post=2372"}],"version-history":[{"count":47,"href":"https:\/\/portaldaacorianidade.azores.gov.pt\/en\/wp-json\/wp\/v2\/pages\/2372\/revisions"}],"predecessor-version":[{"id":3765,"href":"https:\/\/portaldaacorianidade.azores.gov.pt\/en\/wp-json\/wp\/v2\/pages\/2372\/revisions\/3765"}],"wp:attachment":[{"href":"https:\/\/portaldaacorianidade.azores.gov.pt\/en\/wp-json\/wp\/v2\/media?parent=2372"}],"curies":[{"name":"wp","href":"https:\/\/api.w.org\/{rel}","templated":true}]}}