{"id":2369,"date":"2021-09-13T09:02:16","date_gmt":"2021-09-13T09:02:16","guid":{"rendered":"http:\/\/portaldaacorianidade.azores.gov.pt\/links\/"},"modified":"2021-10-14T16:28:36","modified_gmt":"2021-10-14T16:28:36","slug":"links","status":"publish","type":"page","link":"https:\/\/portaldaacorianidade.azores.gov.pt\/en\/links\/","title":{"rendered":"Links"},"content":{"rendered":"\t\t<div data-elementor-type=\"wp-page\" data-elementor-id=\"2369\" class=\"elementor elementor-2369 elementor-1388\" data-elementor-settings=\"[]\">\n\t\t\t\t\t\t\t<div class=\"elementor-section-wrap\">\n\t\t\t\t\t\t\t<section class=\" elementor-section  e_lazy_bg elementor-top-section elementor-element elementor-element-e6cfec3 elementor-section-boxed elementor-section-height-default elementor-section-height-default\" data-id=\"e6cfec3\" data-element_type=\"section\">\n\t\t\t\t\t\t<div class=\"elementor-container elementor-column-gap-default\">\n\t\t\t\t\t<div class=\"elementor-column elementor-col-100 elementor-top-column elementor-element elementor-element-42bc7e7\" data-id=\"42bc7e7\" data-element_type=\"column\">\n\t\t\t<div class=\"elementor-widget-wrap elementor-element-populated\">\n\t\t\t\t\t\t\t\t<div class=\"elementor-element elementor-element-1c14a5e elementor-widget elementor-widget-heading\" data-id=\"1c14a5e\" data-element_type=\"widget\" data-widget_type=\"heading.default\">\n\t\t\t\t<div class=\"elementor-widget-container\">\n\t\t\t<h2 class=\"elementor-heading-title elementor-size-default\">Links<\/h2>\t\t<\/div>\n\t\t\t\t<\/div>\n\t\t\t\t\t<\/div>\n\t\t<\/div>\n\t\t\t\t\t\t\t<\/div>\n\t\t<\/section>\n\t\t\t\t<section class=\" elementor-section  e_lazy_bg elementor-top-section elementor-element elementor-element-f57bfc0 elementor-section-boxed elementor-section-height-default elementor-section-height-default\" data-id=\"f57bfc0\" data-element_type=\"section\">\n\t\t\t\t\t\t<div class=\"elementor-container elementor-column-gap-default\">\n\t\t\t\t\t<div class=\"elementor-column elementor-col-100 elementor-top-column elementor-element elementor-element-28c5bc4\" data-id=\"28c5bc4\" data-element_type=\"column\">\n\t\t\t<div class=\"elementor-widget-wrap elementor-element-populated\">\n\t\t\t\t\t\t\t\t<div class=\"elementor-element elementor-element-370bb2d useful_links e-add-list-vertical e-add-list-type-ul elementor-widget elementor-widget-e-query-posts\" data-id=\"370bb2d\" data-element_type=\"widget\" data-widget_type=\"e-query-posts.list\">\n\t\t\t\t<div class=\"elementor-widget-container\">\n\t\t\t<ul class=\"e-list e-add-posts-container e-add-posts e-add-posts-wrapper  e-add-simplelist-container e-add-skin-list e-add-skin-e-skin e-add-skin-list-left\"><li class=\"e-add-item e-add-post-item-370bb2d e-add-item-370bb2d e-add-simplelist-item e-add-item-list e-add-item-e-skin\" data-e-add-id=\"1415\" data-e-add-index=\"0\"><div class=\"e-add-item e-add-item_image elementor-repeater-item-b687ab4\" data-item-id=\"b687ab4\"><a class=\"e-add-post-image\" href=\"https:\/\/portal.azores.gov.pt\" target=\"_blank\"><figure class=\"e-add-img\"><img width=\"150\" height=\"150\" src=\"https:\/\/portaldaacorianidade.azores.gov.pt\/wp-content\/uploads\/2021\/09\/portalacores-150x150.png\" class=\"\" alt=\"Governo dos A\u00e7ores\" loading=\"lazy\" srcset=\"https:\/\/portaldaacorianidade.azores.gov.pt\/wp-content\/uploads\/2021\/09\/portalacores-150x150.png 150w, https:\/\/portaldaacorianidade.azores.gov.pt\/wp-content\/uploads\/2021\/09\/portalacores.png 225w\" sizes=\"(max-width: 150px) 100vw, 150px\" \/><\/figure><\/a><\/div><div class=\"e-add-item e-add-item_title elementor-repeater-item-08862d9\" data-item-id=\"08862d9\"><h3 class=\"e-add-post-title\">        <a href=\"https:\/\/portal.azores.gov.pt\" target=\"_blank\">https:\/\/portal.azores.gov.pt        <\/a>        <\/h3>        <\/div><\/li><li class=\"e-add-item e-add-post-item-370bb2d e-add-item-370bb2d e-add-simplelist-item e-add-item-list e-add-item-e-skin\" data-e-add-id=\"1412\" data-e-add-index=\"1\"><div class=\"e-add-item e-add-item_image elementor-repeater-item-b687ab4\" data-item-id=\"b687ab4\"><a class=\"e-add-post-image\" href=\"https:\/\/portal.azores.gov.pt\/web\/drcomunidades\" target=\"_blank\"><figure class=\"e-add-img\"><img width=\"150\" height=\"55\" src=\"https:\/\/portaldaacorianidade.azores.gov.pt\/wp-content\/uploads\/2021\/09\/49_Eagle_preto-150x55.png\" class=\"\" alt=\"Comunidades A\u00e7orianas\" loading=\"lazy\" \/><\/figure><\/a><\/div><div class=\"e-add-item e-add-item_title elementor-repeater-item-08862d9\" data-item-id=\"08862d9\"><h3 class=\"e-add-post-title\">        <a href=\"https:\/\/portal.azores.gov.pt\/web\/drcomunidades\" target=\"_blank\">https:\/\/portal.azores.gov.pt\/web\/drcomunidades        <\/a>        <\/h3>        <\/div><\/li><li class=\"e-add-item e-add-post-item-370bb2d e-add-item-370bb2d e-add-simplelist-item e-add-item-list e-add-item-e-skin\" data-e-add-id=\"1416\" data-e-add-index=\"2\"><div class=\"e-add-item e-add-item_image elementor-repeater-item-b687ab4\" data-item-id=\"b687ab4\"><a class=\"e-add-post-image\" href=\"http:\/\/www.culturacores.azores.gov.pt\/\" target=\"_blank\"><figure class=\"e-add-img\"><img width=\"150\" height=\"150\" src=\"https:\/\/portaldaacorianidade.azores.gov.pt\/wp-content\/uploads\/2021\/09\/culturaacores-150x150.jpg\" class=\"\" alt=\"Cultura - Governo dos A\u00e7ores\" loading=\"lazy\" srcset=\"https:\/\/portaldaacorianidade.azores.gov.pt\/wp-content\/uploads\/2021\/09\/culturaacores-150x150.jpg 150w, https:\/\/portaldaacorianidade.azores.gov.pt\/wp-content\/uploads\/2021\/09\/culturaacores.jpg 200w\" sizes=\"(max-width: 150px) 100vw, 150px\" \/><\/figure><\/a><\/div><div class=\"e-add-item e-add-item_title elementor-repeater-item-08862d9\" data-item-id=\"08862d9\"><h3 class=\"e-add-post-title\">        <a href=\"http:\/\/www.culturacores.azores.gov.pt\/\" target=\"_blank\">http:\/\/www.culturacores.azores.gov.pt\/        <\/a>        <\/h3>        <\/div><\/li><\/ul>\t\t<\/div>\n\t\t\t\t<\/div>\n\t\t\t\t\t<\/div>\n\t\t<\/div>\n\t\t\t\t\t\t\t<\/div>\n\t\t<\/section>\n\t\t\t\t\t\t<\/div>\n\t\t\t\t\t<\/div>\n\t\t","protected":false},"excerpt":{"rendered":"<p>&nbsp; https:\/\/portal.azores.gov.pt &nbsp; https:\/\/portal.azores.gov.pt\/web\/drcomunidades &nbsp; http:\/\/www.culturacores.azores.gov.pt\/<\/p>\n","protected":false},"author":1,"featured_media":0,"parent":0,"menu_order":0,"comment_status":"closed","ping_status":"closed","template":"","meta":[],"yoast_head":"<!-- This site is optimized with the Yoast SEO plugin v17.3 - https:\/\/yoast.com\/wordpress\/plugins\/seo\/ -->\n<title>Portal of Azores - Links - A\u00e7orianidade Portal<\/title>\n<meta name=\"description\" content=\"Consult the links of some Portals of Azores. Make your search easier by surfing in A\u00e7orianidade Portal with everything at your disposal.\" \/>\n<meta name=\"robots\" content=\"index, follow, max-snippet:-1, max-image-preview:large, max-video-preview:-1\" \/>\n<link rel=\"canonical\" href=\"https:\/\/portaldaacorianidade.azores.gov.pt\/en\/links\/?lang=en\" \/>\n<meta property=\"og:locale\" content=\"en_US\" \/>\n<meta property=\"og:type\" content=\"article\" \/>\n<meta property=\"og:title\" content=\"Portal of Azores - Links - A\u00e7orianidade Portal\" \/>\n<meta property=\"og:description\" content=\"Consult the links of some Portals of Azores. Make your search easier by surfing in A\u00e7orianidade Portal with everything at your disposal.\" \/>\n<meta property=\"og:url\" content=\"https:\/\/portaldaacorianidade.azores.gov.pt\/links\/?lang=en\" \/>\n<meta property=\"og:site_name\" content=\"Portal da A\u00e7orianidade - plataforma com os sites geridos pela Vice Presid\u00eancia do Governo\" \/>\n<meta property=\"article:modified_time\" content=\"2021-10-14T16:28:36+00:00\" \/>\n<meta property=\"og:image\" content=\"http:\/\/portaldaacorianidade.azores.gov.pt\/wp-content\/uploads\/2021\/09\/portalacores-150x150.png\" \/>\n<meta name=\"twitter:card\" content=\"summary_large_image\" \/>\n<meta name=\"twitter:label1\" content=\"Est. reading time\" \/>\n\t<meta name=\"twitter:data1\" content=\"1 minute\" \/>\n<script type=\"application\/ld+json\" class=\"yoast-schema-graph\">{\"@context\":\"https:\/\/schema.org\",\"@graph\":[{\"@type\":\"WebSite\",\"@id\":\"https:\/\/portaldaacorianidade.azores.gov.pt\/#website\",\"url\":\"https:\/\/portaldaacorianidade.azores.gov.pt\/\",\"name\":\"Portal da A\\u00e7orianidade - plataforma com os sites geridos pela Vice Presid\\u00eancia do Governo\",\"description\":\" Plataforma os v\\u00e1rios sites geridos pela Vice-Presid\\u00eancia do Governo dos A\\u00e7ores, atrav\\u00e9s da Dire\\u00e7\\u00e3o Regional das Comunidades\",\"potentialAction\":[{\"@type\":\"SearchAction\",\"target\":{\"@type\":\"EntryPoint\",\"urlTemplate\":\"https:\/\/portaldaacorianidade.azores.gov.pt\/?s={search_term_string}\"},\"query-input\":\"required name=search_term_string\"}],\"inLanguage\":\"en-US\"},{\"@type\":\"ImageObject\",\"@id\":\"https:\/\/portaldaacorianidade.azores.gov.pt\/links\/?lang=en#primaryimage\",\"inLanguage\":\"en-US\",\"url\":\"http:\/\/portaldaacorianidade.azores.gov.pt\/wp-content\/uploads\/2021\/09\/portalacores-150x150.png\",\"contentUrl\":\"http:\/\/portaldaacorianidade.azores.gov.pt\/wp-content\/uploads\/2021\/09\/portalacores-150x150.png\"},{\"@type\":\"WebPage\",\"@id\":\"https:\/\/portaldaacorianidade.azores.gov.pt\/links\/?lang=en#webpage\",\"url\":\"https:\/\/portaldaacorianidade.azores.gov.pt\/links\/?lang=en\",\"name\":\"Portal of Azores - Links - A\\u00e7orianidade Portal\",\"isPartOf\":{\"@id\":\"https:\/\/portaldaacorianidade.azores.gov.pt\/#website\"},\"primaryImageOfPage\":{\"@id\":\"https:\/\/portaldaacorianidade.azores.gov.pt\/links\/?lang=en#primaryimage\"},\"datePublished\":\"2021-09-13T09:02:16+00:00\",\"dateModified\":\"2021-10-14T16:28:36+00:00\",\"description\":\"Consult the links of some Portals of Azores. Make your search easier by surfing in A\\u00e7orianidade Portal with everything at your disposal.\",\"breadcrumb\":{\"@id\":\"https:\/\/portaldaacorianidade.azores.gov.pt\/links\/?lang=en#breadcrumb\"},\"inLanguage\":\"en-US\",\"potentialAction\":[{\"@type\":\"ReadAction\",\"target\":[\"https:\/\/portaldaacorianidade.azores.gov.pt\/links\/?lang=en\"]}]},{\"@type\":\"BreadcrumbList\",\"@id\":\"https:\/\/portaldaacorianidade.azores.gov.pt\/links\/?lang=en#breadcrumb\",\"itemListElement\":[{\"@type\":\"ListItem\",\"position\":1,\"name\":\"Links\"}]}]}<\/script>\n<!-- \/ Yoast SEO plugin. -->","yoast_head_json":{"title":"Portal of Azores - Links - A\u00e7orianidade Portal","description":"Consult the links of some Portals of Azores. Make your search easier by surfing in A\u00e7orianidade Portal with everything at your disposal.","robots":{"index":"index","follow":"follow","max-snippet":"max-snippet:-1","max-image-preview":"max-image-preview:large","max-video-preview":"max-video-preview:-1"},"canonical":"https:\/\/portaldaacorianidade.azores.gov.pt\/en\/links\/?lang=en","og_locale":"en_US","og_type":"article","og_title":"Portal of Azores - Links - A\u00e7orianidade Portal","og_description":"Consult the links of some Portals of Azores. Make your search easier by surfing in A\u00e7orianidade Portal with everything at your disposal.","og_url":"https:\/\/portaldaacorianidade.azores.gov.pt\/links\/?lang=en","og_site_name":"Portal da A\u00e7orianidade - plataforma com os sites geridos pela Vice Presid\u00eancia do Governo","article_modified_time":"2021-10-14T16:28:36+00:00","og_image":[{"url":"http:\/\/portaldaacorianidade.azores.gov.pt\/wp-content\/uploads\/2021\/09\/portalacores-150x150.png"}],"twitter_card":"summary_large_image","twitter_misc":{"Est. reading time":"1 minute"},"schema":{"@context":"https:\/\/schema.org","@graph":[{"@type":"WebSite","@id":"https:\/\/portaldaacorianidade.azores.gov.pt\/#website","url":"https:\/\/portaldaacorianidade.azores.gov.pt\/","name":"Portal da A\u00e7orianidade - plataforma com os sites geridos pela Vice Presid\u00eancia do Governo","description":" Plataforma os v\u00e1rios sites geridos pela Vice-Presid\u00eancia do Governo dos A\u00e7ores, atrav\u00e9s da Dire\u00e7\u00e3o Regional das Comunidades","potentialAction":[{"@type":"SearchAction","target":{"@type":"EntryPoint","urlTemplate":"https:\/\/portaldaacorianidade.azores.gov.pt\/?s={search_term_string}"},"query-input":"required name=search_term_string"}],"inLanguage":"en-US"},{"@type":"ImageObject","@id":"https:\/\/portaldaacorianidade.azores.gov.pt\/links\/?lang=en#primaryimage","inLanguage":"en-US","url":"http:\/\/portaldaacorianidade.azores.gov.pt\/wp-content\/uploads\/2021\/09\/portalacores-150x150.png","contentUrl":"http:\/\/portaldaacorianidade.azores.gov.pt\/wp-content\/uploads\/2021\/09\/portalacores-150x150.png"},{"@type":"WebPage","@id":"https:\/\/portaldaacorianidade.azores.gov.pt\/links\/?lang=en#webpage","url":"https:\/\/portaldaacorianidade.azores.gov.pt\/links\/?lang=en","name":"Portal of Azores - Links - A\u00e7orianidade Portal","isPartOf":{"@id":"https:\/\/portaldaacorianidade.azores.gov.pt\/#website"},"primaryImageOfPage":{"@id":"https:\/\/portaldaacorianidade.azores.gov.pt\/links\/?lang=en#primaryimage"},"datePublished":"2021-09-13T09:02:16+00:00","dateModified":"2021-10-14T16:28:36+00:00","description":"Consult the links of some Portals of Azores. Make your search easier by surfing in A\u00e7orianidade Portal with everything at your disposal.","breadcrumb":{"@id":"https:\/\/portaldaacorianidade.azores.gov.pt\/links\/?lang=en#breadcrumb"},"inLanguage":"en-US","potentialAction":[{"@type":"ReadAction","target":["https:\/\/portaldaacorianidade.azores.gov.pt\/links\/?lang=en"]}]},{"@type":"BreadcrumbList","@id":"https:\/\/portaldaacorianidade.azores.gov.pt\/links\/?lang=en#breadcrumb","itemListElement":[{"@type":"ListItem","position":1,"name":"Links"}]}]}},"_links":{"self":[{"href":"https:\/\/portaldaacorianidade.azores.gov.pt\/en\/wp-json\/wp\/v2\/pages\/2369"}],"collection":[{"href":"https:\/\/portaldaacorianidade.azores.gov.pt\/en\/wp-json\/wp\/v2\/pages"}],"about":[{"href":"https:\/\/portaldaacorianidade.azores.gov.pt\/en\/wp-json\/wp\/v2\/types\/page"}],"author":[{"embeddable":true,"href":"https:\/\/portaldaacorianidade.azores.gov.pt\/en\/wp-json\/wp\/v2\/users\/1"}],"replies":[{"embeddable":true,"href":"https:\/\/portaldaacorianidade.azores.gov.pt\/en\/wp-json\/wp\/v2\/comments?post=2369"}],"version-history":[{"count":71,"href":"https:\/\/portaldaacorianidade.azores.gov.pt\/en\/wp-json\/wp\/v2\/pages\/2369\/revisions"}],"predecessor-version":[{"id":3770,"href":"https:\/\/portaldaacorianidade.azores.gov.pt\/en\/wp-json\/wp\/v2\/pages\/2369\/revisions\/3770"}],"wp:attachment":[{"href":"https:\/\/portaldaacorianidade.azores.gov.pt\/en\/wp-json\/wp\/v2\/media?parent=2369"}],"curies":[{"name":"wp","href":"https:\/\/api.w.org\/{rel}","templated":true}]}}