{"id":8,"date":"2021-08-04T10:13:16","date_gmt":"2021-08-04T10:13:16","guid":{"rendered":"https:\/\/portaldaacorianidade.azores.gov.pt\/comunidadesacorianas\/?page_id=8"},"modified":"2021-10-21T15:30:32","modified_gmt":"2021-10-21T15:30:32","slug":"home","status":"publish","type":"page","link":"https:\/\/portaldaacorianidade.azores.gov.pt\/comunidadesacorianas\/","title":{"rendered":"Home"},"content":{"rendered":"<h4><strong>V\u00e1rios artigos e trabalhos, de diversas \u00e1reas, sobre um s\u00f3 tema: os A\u00e7ores.<\/strong><\/h4>\n","protected":false},"excerpt":{"rendered":"<p>V\u00e1rios artigos e trabalhos, de diversas \u00e1reas, sobre um s\u00f3 tema: os A\u00e7ores.<\/p>\n","protected":false},"author":1,"featured_media":0,"parent":0,"menu_order":0,"comment_status":"closed","ping_status":"closed","template":"","meta":[],"_links":{"self":[{"href":"https:\/\/portaldaacorianidade.azores.gov.pt\/comunidadesacorianas\/wp-json\/wp\/v2\/pages\/8"}],"collection":[{"href":"https:\/\/portaldaacorianidade.azores.gov.pt\/comunidadesacorianas\/wp-json\/wp\/v2\/pages"}],"about":[{"href":"https:\/\/portaldaacorianidade.azores.gov.pt\/comunidadesacorianas\/wp-json\/wp\/v2\/types\/page"}],"author":[{"embeddable":true,"href":"https:\/\/portaldaacorianidade.azores.gov.pt\/comunidadesacorianas\/wp-json\/wp\/v2\/users\/1"}],"replies":[{"embeddable":true,"href":"https:\/\/portaldaacorianidade.azores.gov.pt\/comunidadesacorianas\/wp-json\/wp\/v2\/comments?post=8"}],"version-history":[{"count":9,"href":"https:\/\/portaldaacorianidade.azores.gov.pt\/comunidadesacorianas\/wp-json\/wp\/v2\/pages\/8\/revisions"}],"predecessor-version":[{"id":701,"href":"https:\/\/portaldaacorianidade.azores.gov.pt\/comunidadesacorianas\/wp-json\/wp\/v2\/pages\/8\/revisions\/701"}],"wp:attachment":[{"href":"https:\/\/portaldaacorianidade.azores.gov.pt\/comunidadesacorianas\/wp-json\/wp\/v2\/media?parent=8"}],"curies":[{"name":"wp","href":"https:\/\/api.w.org\/{rel}","templated":true}]}}