{"id":36,"date":"2021-08-05T10:30:58","date_gmt":"2021-08-05T10:30:58","guid":{"rendered":"https:\/\/portaldaacorianidade.azores.gov.pt\/comunidadesacorianas\/?page_id=36"},"modified":"2021-10-21T15:55:15","modified_gmt":"2021-10-21T15:55:15","slug":"historia-dos-acores","status":"publish","type":"page","link":"https:\/\/portaldaacorianidade.azores.gov.pt\/comunidadesacorianas\/historia-dos-acores\/","title":{"rendered":"Hist\u00f3ria dos A\u00e7ores"},"content":{"rendered":"<p>A emigra\u00e7\u00e3o caracterizou historicamente a vida portuguesa e desenhou, de forma incontorn\u00e1vel, a personalidade das ilhas.<\/p>\n<p>A origem da emigra\u00e7\u00e3o a\u00e7oriana estar\u00e1, porventura, nos prim\u00f3rdios do povoamento, de acordo com o que apontam os investigadores. O seu car\u00e1cter sistem\u00e1tico remonta, por\u00e9m, ao s\u00e9culo XVII.<\/p>\n<p>Foram cinco os grandes destinos da emigra\u00e7\u00e3o a\u00e7oriana: Brasil, Estados Unidos, Bermudas, Hawaii e Canad\u00e1.<\/p>\n<p>A primeira emigra\u00e7\u00e3o com caracter\u00edsticas sistem\u00e1ticas foi com destino ao Brasil, nomeadamente para o sul deste pa\u00eds, em 1747, com a sa\u00edda de cerca de seis mil pessoas. A emigra\u00e7\u00e3o para o Brasil foi vari\u00e1vel e em finais do s\u00e9culo XIX, in\u00edcio e metade de do s\u00e9culo XX, verificou-se um grande fluxo migrat\u00f3rio para os Estados de S\u00e3o Paulo e do Rio de Janeiro.<\/p>\n<p>Os Estados Unidos da Am\u00e9rica surgiram como segundo destino em termos cronol\u00f3gicos, na segunda metade do s\u00e9culo XVIII. Por\u00e9m, s\u00f3 em meados do s\u00e9culo XIX, o podemos considerar como um destino efectivo e preferencial.<\/p>\n<p>As Bermudas foram o terceiro grande destino da emigra\u00e7\u00e3o a\u00e7oriana. O ano de 1849 marca o in\u00edcio da emigra\u00e7\u00e3o dos A\u00e7ores para este arquip\u00e9lago do Atl\u00e2ntico Norte. Se relativamente aos outros destinos, a maioria dos emigrantes eram oriundos de todas as ilhas dos A\u00e7ores, no caso das Bermudas, s\u00e3o maioritariamente micaelenses.<\/p>\n<p>O Hawaii, actual estado do pac\u00edfico dos Estados Unidos, foi em finais do s\u00e9culo XIX um destino para muitos a\u00e7orianos. As condi\u00e7\u00f5es de vida no arquip\u00e9lago e a crise econ\u00f3mica da \u00e9poca, provocada pelo decl\u00ednio da produ\u00e7\u00e3o de laranja e consequente diminui\u00e7\u00e3o do com\u00e9rcio, levaram a que muitos a\u00e7orianos seguissem viagem rumo ao Hawaii, onde as condi\u00e7\u00f5es de trabalho oferecidas eram atractivas. Este surgiu como um p\u00f3lo de interesse, apesar dos condicionalismos de ordem geogr\u00e1fica e cultural, principalmente para a popula\u00e7\u00e3o da ilha de S\u00e3o Miguel.<\/p>\n<p>O Canad\u00e1 foi o \u00faltimo grande destino de emigra\u00e7\u00e3o dos a\u00e7orianos. A emigra\u00e7\u00e3o sistem\u00e1tica data de 1953 e s\u00f3 foi poss\u00edvel ap\u00f3s a assinatura de acordos bilaterais entre Portugal e o Canad\u00e1, sobre a entrada de emigrantes naquele pa\u00eds. Apesar desta ser uma emigra\u00e7\u00e3o muito recente, o n\u00famero de a\u00e7orianos que emigraram foi elevado.<\/p>\n<p>&nbsp;<\/p>\n<p class=\"texto_simples2\"><strong>Comunidades com a presen\u00e7a a\u00e7oriana no Mundo:<\/strong><\/p>\n<ul>\n<li class=\"texto_simples2\">Bermuda<\/li>\n<li class=\"texto_simples2\">Estado da Calif\u00f3rnia<\/li>\n<li class=\"texto_simples2\">Estado de Massachusetts<\/li>\n<li class=\"texto_simples2\">Estado de Rhode Island<\/li>\n<li class=\"texto_simples2\">Estado de Santa Catarina<\/li>\n<li class=\"texto_simples2\">Estado de S\u00e3o Paulo<\/li>\n<li class=\"texto_simples2\">Estado do Rio de Janeiro<\/li>\n<li class=\"texto_simples2\">Estado do Rio Grande do Sul<\/li>\n<li class=\"texto_simples2\">Hawaii<\/li>\n<li class=\"texto_simples2\">Prov\u00edncia de Alberta<\/li>\n<li class=\"texto_simples2\">Prov\u00edncia de British Columbia<\/li>\n<li class=\"texto_simples2\">Prov\u00edncia de Manitoba<\/li>\n<li class=\"texto_simples2\">Prov\u00edncia do Ont\u00e1rio<\/li>\n<li class=\"texto_simples2\">Prov\u00edncia do Qu\u00e9b\u00e8c<\/li>\n<li class=\"texto_simples2\">Uruguai<\/li>\n<\/ul>\n","protected":false},"excerpt":{"rendered":"<p>A emigra\u00e7\u00e3o caracterizou historicamente a vida portuguesa e desenhou, de forma incontorn\u00e1vel, a personalidade das ilhas. A origem da emigra\u00e7\u00e3o a\u00e7oriana estar\u00e1, porventura, nos prim\u00f3rdios do povoamento, de acordo com o que apontam os investigadores. O seu car\u00e1cter sistem\u00e1tico remonta, por\u00e9m, ao s\u00e9culo XVII. Foram cinco os grandes destinos da emigra\u00e7\u00e3o a\u00e7oriana: Brasil, Estados Unidos, [&hellip;]<\/p>\n","protected":false},"author":1,"featured_media":0,"parent":0,"menu_order":0,"comment_status":"closed","ping_status":"closed","template":"","meta":[],"_links":{"self":[{"href":"https:\/\/portaldaacorianidade.azores.gov.pt\/comunidadesacorianas\/wp-json\/wp\/v2\/pages\/36"}],"collection":[{"href":"https:\/\/portaldaacorianidade.azores.gov.pt\/comunidadesacorianas\/wp-json\/wp\/v2\/pages"}],"about":[{"href":"https:\/\/portaldaacorianidade.azores.gov.pt\/comunidadesacorianas\/wp-json\/wp\/v2\/types\/page"}],"author":[{"embeddable":true,"href":"https:\/\/portaldaacorianidade.azores.gov.pt\/comunidadesacorianas\/wp-json\/wp\/v2\/users\/1"}],"replies":[{"embeddable":true,"href":"https:\/\/portaldaacorianidade.azores.gov.pt\/comunidadesacorianas\/wp-json\/wp\/v2\/comments?post=36"}],"version-history":[{"count":6,"href":"https:\/\/portaldaacorianidade.azores.gov.pt\/comunidadesacorianas\/wp-json\/wp\/v2\/pages\/36\/revisions"}],"predecessor-version":[{"id":706,"href":"https:\/\/portaldaacorianidade.azores.gov.pt\/comunidadesacorianas\/wp-json\/wp\/v2\/pages\/36\/revisions\/706"}],"wp:attachment":[{"href":"https:\/\/portaldaacorianidade.azores.gov.pt\/comunidadesacorianas\/wp-json\/wp\/v2\/media?parent=36"}],"curies":[{"name":"wp","href":"https:\/\/api.w.org\/{rel}","templated":true}]}}