{"id":31,"date":"2021-08-05T10:22:07","date_gmt":"2021-08-05T10:22:07","guid":{"rendered":"https:\/\/portaldaacorianidade.azores.gov.pt\/comunidadesacorianas\/?page_id=31"},"modified":"2021-10-26T11:51:38","modified_gmt":"2021-10-26T11:51:38","slug":"o-que-e-o-portal","status":"publish","type":"page","link":"https:\/\/portaldaacorianidade.azores.gov.pt\/comunidadesacorianas\/o-que-e-o-portal\/","title":{"rendered":"O que \u00e9 o Portal?"},"content":{"rendered":"<p>O portal Comunidades A\u00e7orianas \u00e9 dirigido a todos os interessados na cultura a\u00e7oriana e disponibiliza diversas \u00e1reas de conhecimento voltadas para a mesma tem\u00e1tica: os A\u00e7ores.<\/p>\n<p>O objetivo \u00e9, por isso, mapear e integrar num espa\u00e7o digital conhecimentos sobre a a\u00e7orianidade em \u00e1reas como a Hist\u00f3ria, a Literatura, o Ensino da L\u00edngua Portuguesa, as Refer\u00eancias Bibliogr\u00e1ficas, as Artes e Letras, ou o Patrim\u00f3nio Cultural, entre outras.<\/p>\n<p>Depois da primeira vers\u00e3o do site Comunidades A\u00e7orianas, que teve a sua g\u00e9nese na sequ\u00eancia da realiza\u00e7\u00e3o das II e III Jornadas Emigra\u00e7\u00e3o\/Comunidades, em janeiro de 2004, na ilha de S\u00e3o Miguel, e em junho de 2007, na ilha Graciosa, este projeto surge agora renovado e remodelado, com uma imagem e funcionalidades adaptadas \u00e0 atual realidade tecnol\u00f3gica.<\/p>\n<p>O portal Comunidades A\u00e7orianas continuar\u00e1 a ser um importante instrumento de divulga\u00e7\u00e3o de conhecimento, ao mesmo tempo que homenageia os milhares de a\u00e7orianos e seus descendentes que t\u00eam difundido a cultura dos A\u00e7ores pelo mundo.<\/p>\n<p>Participe e contribua para o crescimento e atualiza\u00e7\u00e3o do Portal Comunidades A\u00e7orianas.<\/p>\n","protected":false},"excerpt":{"rendered":"<p>O portal Comunidades A\u00e7orianas \u00e9 dirigido a todos os interessados na cultura a\u00e7oriana e disponibiliza diversas \u00e1reas de conhecimento voltadas para a mesma tem\u00e1tica: os A\u00e7ores. O objetivo \u00e9, por isso, mapear e integrar num espa\u00e7o digital conhecimentos sobre a a\u00e7orianidade em \u00e1reas como a Hist\u00f3ria, a Literatura, o Ensino da L\u00edngua Portuguesa, as Refer\u00eancias [&hellip;]<\/p>\n","protected":false},"author":1,"featured_media":0,"parent":0,"menu_order":0,"comment_status":"closed","ping_status":"closed","template":"","meta":[],"_links":{"self":[{"href":"https:\/\/portaldaacorianidade.azores.gov.pt\/comunidadesacorianas\/wp-json\/wp\/v2\/pages\/31"}],"collection":[{"href":"https:\/\/portaldaacorianidade.azores.gov.pt\/comunidadesacorianas\/wp-json\/wp\/v2\/pages"}],"about":[{"href":"https:\/\/portaldaacorianidade.azores.gov.pt\/comunidadesacorianas\/wp-json\/wp\/v2\/types\/page"}],"author":[{"embeddable":true,"href":"https:\/\/portaldaacorianidade.azores.gov.pt\/comunidadesacorianas\/wp-json\/wp\/v2\/users\/1"}],"replies":[{"embeddable":true,"href":"https:\/\/portaldaacorianidade.azores.gov.pt\/comunidadesacorianas\/wp-json\/wp\/v2\/comments?post=31"}],"version-history":[{"count":4,"href":"https:\/\/portaldaacorianidade.azores.gov.pt\/comunidadesacorianas\/wp-json\/wp\/v2\/pages\/31\/revisions"}],"predecessor-version":[{"id":705,"href":"https:\/\/portaldaacorianidade.azores.gov.pt\/comunidadesacorianas\/wp-json\/wp\/v2\/pages\/31\/revisions\/705"}],"wp:attachment":[{"href":"https:\/\/portaldaacorianidade.azores.gov.pt\/comunidadesacorianas\/wp-json\/wp\/v2\/media?parent=31"}],"curies":[{"name":"wp","href":"https:\/\/api.w.org\/{rel}","templated":true}]}}