{"id":12,"date":"2021-08-04T10:14:40","date_gmt":"2021-08-04T10:14:40","guid":{"rendered":"https:\/\/portaldaacorianidade.azores.gov.pt\/comunidadesacorianas\/?page_id=12"},"modified":"2021-09-21T17:21:02","modified_gmt":"2021-09-21T17:21:02","slug":"artigos-trabalhos","status":"publish","type":"page","link":"https:\/\/portaldaacorianidade.azores.gov.pt\/comunidadesacorianas\/artigos-trabalhos\/","title":{"rendered":"Artigos\/Trabalhos"},"content":{"rendered":"<p>Encontre aqui a listagem dos artigos e trabalhos disponibilizados pelos autores, sobre v\u00e1rias tem\u00e1ticas e \u00e1reas.<\/p>\n<p>Inscreva-se no site, submeta o seu artigo\/trabalho e seja voc\u00ea tamb\u00e9m um dos autores presentes no portal Comunidades A\u00e7orianas.<\/p>\n","protected":false},"excerpt":{"rendered":"<p>Encontre aqui a listagem dos artigos e trabalhos disponibilizados pelos autores, sobre v\u00e1rias tem\u00e1ticas e \u00e1reas. Inscreva-se no site, submeta o seu artigo\/trabalho e seja voc\u00ea tamb\u00e9m um dos autores presentes no portal Comunidades A\u00e7orianas.<\/p>\n","protected":false},"author":1,"featured_media":0,"parent":0,"menu_order":0,"comment_status":"closed","ping_status":"closed","template":"template-page-artigostrabalhos.php","meta":[],"_links":{"self":[{"href":"https:\/\/portaldaacorianidade.azores.gov.pt\/comunidadesacorianas\/wp-json\/wp\/v2\/pages\/12"}],"collection":[{"href":"https:\/\/portaldaacorianidade.azores.gov.pt\/comunidadesacorianas\/wp-json\/wp\/v2\/pages"}],"about":[{"href":"https:\/\/portaldaacorianidade.azores.gov.pt\/comunidadesacorianas\/wp-json\/wp\/v2\/types\/page"}],"author":[{"embeddable":true,"href":"https:\/\/portaldaacorianidade.azores.gov.pt\/comunidadesacorianas\/wp-json\/wp\/v2\/users\/1"}],"replies":[{"embeddable":true,"href":"https:\/\/portaldaacorianidade.azores.gov.pt\/comunidadesacorianas\/wp-json\/wp\/v2\/comments?post=12"}],"version-history":[{"count":5,"href":"https:\/\/portaldaacorianidade.azores.gov.pt\/comunidadesacorianas\/wp-json\/wp\/v2\/pages\/12\/revisions"}],"predecessor-version":[{"id":665,"href":"https:\/\/portaldaacorianidade.azores.gov.pt\/comunidadesacorianas\/wp-json\/wp\/v2\/pages\/12\/revisions\/665"}],"wp:attachment":[{"href":"https:\/\/portaldaacorianidade.azores.gov.pt\/comunidadesacorianas\/wp-json\/wp\/v2\/media?parent=12"}],"curies":[{"name":"wp","href":"https:\/\/api.w.org\/{rel}","templated":true}]}}