{"id":111,"date":"2021-08-23T09:58:57","date_gmt":"2021-08-23T09:58:57","guid":{"rendered":"https:\/\/portaldaacorianidade.azores.gov.pt\/comunidadesacorianas\/?page_id=111"},"modified":"2022-12-28T14:45:24","modified_gmt":"2022-12-28T14:45:24","slug":"acessibilidade","status":"publish","type":"page","link":"https:\/\/portaldaacorianidade.azores.gov.pt\/comunidadesacorianas\/acessibilidade\/","title":{"rendered":"Acessibilidade"},"content":{"rendered":"<h1>Declara\u00e7\u00e3o de Acessibilidade e Usabilidade<\/h1>\n<p><span class=\"mr mr-e-intro\">A<\/span> <span class=\"mr mr-e-name\">Dire\u00e7\u00e3o Regional das Comunidades<\/span> compromete-se a disponibilizar <span class=\"mr mr-t-type\"><span class=\"target-type\">o s\u00edtio Web<\/span><\/span> <a class=\"siteurl\" href=\"https:\/\/comunidadesacorianas.azores.gov.pt\"><span class=\"mr mr-t-desc\"><span class=\"target-name\">Comunidades A\u00e7orianas<\/span><\/span><\/a>, integrado no dom\u00ednio Portal da A\u00e7orianidade, em conformidade com o Decreto-Lei n.\u00ba 83\/2018, de 19 de outubro, que transp\u00f5e a Diretiva (UE) 2016\/2102 do Parlamento Europeu e do Conselho, relativa \u00e0 acessibilidade dos s\u00edtios Web e das aplica\u00e7\u00f5es m\u00f3veis.<\/p>\n<h2 id=\"n1\">I. Estado de conformidade<\/h2>\n<p class=\"capFL\"><span class=\"target-type\">O s\u00edtio Web<\/span> <a class=\"siteurl\" href=\"https:\/\/comunidadesacorianas.azores.gov.pt\"><span class=\"target-name\">Comunidades A\u00e7orianas<\/span><\/a> d<span class=\"lowFL\" data-printfilter=\"lowerfirst\">a<\/span> Dire\u00e7\u00e3o Regional das Comunidades est\u00e1 <span class=\"mr mr-conformance-status\"><span class=\"conformance-output\">plenamente conforme<\/span><\/span> para com o Decreto-Lei n.\u00ba 83\/2018 de 19 de outubro.<\/p>\n<h2 id=\"n2\">II. Elabora\u00e7\u00e3o da presente declara\u00e7\u00e3o de acessibilidade e usabilidade<\/h2>\n<p>Esta declara\u00e7\u00e3o foi atualizada a <span class=\"mr mr-date\">2022-12-28<\/span>.<\/p>\n<p>De acordo com o artigo 9\u00ba do Decreto-Lei n.\u00ba 83\/2018, as entidades devem adotar os procedimentos de monitoriza\u00e7\u00e3o a seguir apresentados. Os procedimentos A) e B) s\u00e3o obrigat\u00f3rios. O procedimento C) \u00e9 recomendado.<\/p>\n<p><strong>A. Avalia\u00e7\u00f5es autom\u00e1ticas levadas a efeito<\/strong><\/p>\n<div class=\"mr mr-automatic-summary\">\n<ol>\n<li>(2021-11-03). Relat\u00f3rio: <a href=\"https:\/\/accessmonitor.acessibilidade.gov.pt\">Relat\u00f3rio de pr\u00e1ticas de acessibilidade Web (WCAG 2.1 do W3C)<\/a>\n<ul>\n<li>Ferramenta utilizada: accessMonitor vers\u00e3o 2.1<\/li>\n<li>Amostra: 7 p\u00e1ginas.<\/li>\n<li>Principais resultados (sum\u00e1rio): Verificada p\u00e1gina inicial e p\u00e1ginas do menu de 1.\u00ba n\u00edvel, obtendo todas as p\u00e1ginas pontua\u00e7\u00e3o 10, sem praticas n\u00e3o aceit\u00e1veis detetadas.<\/li>\n<\/ul>\n<\/li>\n<\/ol>\n<\/div>\n<p><strong>B. Avalia\u00e7\u00f5es manuais levadas a efeito:<\/strong><\/p>\n<div class=\"mr mr-manual-summary\">\n<ol>\n<li>(2021-11-03). Relat\u00f3rio: <a href=\"https:\/\/portaldaacorianidade.azores.gov.pt\/comunidadesacorianas\/wp-content\/uploads\/2021\/11\/sintese-10aspetos.xlsx\">Checklist 10 aspetos funcionais<\/a>\n<ul>\n<li>Amostra: 3 p\u00e1ginas.<\/li>\n<li>Principais resultados (heur\u00edsticas satisfeitas\/total heur\u00edsticas aplicadas): 16\/18<\/li>\n<\/ul>\n<\/li>\n<\/ol>\n<\/div>\n<p><strong>C. Testes de usabilidade com pessoas com defici\u00eancia:<\/strong><\/p>\n<p class=\"capFL\"><span class=\"target-type\">O s\u00edtio Web<\/span> ainda n\u00e3o foi alvo de testes com utilizadores com defici\u00eancia.<\/p>\n<h2 id=\"n3\">III. Contacto e solicita\u00e7\u00e3o de informa\u00e7\u00e3o relativa <span class=\"target-type nType\">ao s\u00edtio Web<\/span><\/h2>\n<p>Para contactar, enviar sugest\u00f5es, efetuar reclama\u00e7\u00f5es ou solicitar informa\u00e7\u00e3o adicional relativamente aos conte\u00fados e\/ou funcionalidades presentes n<span class=\"target-type\">o s\u00edtio Web<\/span> d<span class=\"lowFL\" data-printfilter=\"lowerfirst\">a<\/span> Dire\u00e7\u00e3o Regional das Comunidades, utilize, por favor, os seguintes meios:<\/p>\n<div class=\"mr mr-contacts\">\n<dl>\n<dt>Correio eletr\u00f3nico:<\/dt>\n<dd>drc@azores.gov.pt<\/dd>\n<dt>Telefone:<\/dt>\n<dd>(+351) 296 204 810<\/dd>\n<dt>Morada:<\/dt>\n<dd>Dire\u00e7\u00e3o Regional das Comunidades<br \/>\nEdif\u00edcio Boavista<br \/>\nRua Padre Jos\u00e9 Joaquim Rebelo, n.\u00ba 20<br \/>\n9500-782 Ponta Delgada<\/dd>\n<\/dl>\n<\/div>\n<h2 id=\"n4\">IV. Outras evid\u00eancias<\/h2>\n<p><span id=\"accstmnt_seal_summary_empty\"> A Dire\u00e7\u00e3o Regional das Comunidades n\u00e3o apresentou, aquando do preenchimento da presente Declara\u00e7\u00e3o, outras evid\u00eancias ou esfor\u00e7os para tornar o seu s\u00edtio Web conforme para com os requisitos de acessibilidade constantes do Decreto-Lei n.\u00ba 83\/2018, de 19 de outubro. <\/span><\/p>\n<h2 id=\"n5\">V. Den\u00fancia de situa\u00e7\u00f5es de discrimina\u00e7\u00e3o<\/h2>\n<p>De acordo com o n.\u00ba 1 do artigo 13.\u00ba do Decreto-Lei n.\u00ba 83\/2018, de 19 de outubro, sempre que uma pessoa com defici\u00eancia seja objeto de um tratamento menos favor\u00e1vel do que aquele que \u00e9, tenha sido ou venha a ser dado a outra pessoa em situa\u00e7\u00e3o compar\u00e1vel, que consubstancie uma pr\u00e1tica discriminat\u00f3ria contra pessoas com defici\u00eancia, prevista e punida nos termos do <a href=\"http:\/\/data.dre.pt\/eli\/lei\/46\/2006\/08\/28\/p\/dre\/pt\/html\">artigo 4.\u00ba da Lei n.\u00ba 46\/2006, de 28 de agosto<\/a>, pode, essa pessoa, apresentar queixa, de acordo com o disposto no <a href=\"https:\/\/data.dre.pt\/eli\/dec-lei\/34\/2007\/02\/15\/p\/dre\/pt\/html\">Decreto-Lei n.\u00ba 34\/2007, de 15 de fevereiro<\/a>.<\/p>\n<p>O Instituto Nacional para a Reabilita\u00e7\u00e3o (INR, I.P.), disponibiliza um <a href=\"http:\/\/www.inr.pt\/resultados-de-pesquisa\/-\/journal_content\/56\/11309\/45065?p_p_auth=wje2GjQi\">formul\u00e1rio para denunciar situa\u00e7\u00f5es de discrimina\u00e7\u00e3o<\/a>, encaminhando as queixas apresentadas \u00e0s entidades competentes. Anualmente, o INR, I.P. elabora um relat\u00f3rio anual sobre a aplica\u00e7\u00e3o da lei que pro\u00edbe e pune a discrimina\u00e7\u00e3o em raz\u00e3o da defici\u00eancia e da exist\u00eancia de risco agravado de sa\u00fade (Lei n.o 46\/2006, de 28 de agosto).<\/p>\n<hr aria-hidden=\"true\" \/>\n<p>A presente Declara\u00e7\u00e3o de Acessibilidade e Usabilidade foi criada com o aux\u00edlio do <a href=\"https:\/\/www.acessibilidade.gov.pt\/gerador\">Gerador WAI-Tools PT v1.5<\/a>, desenvolvido no \u00e2mbito do projeto <a href=\"https:\/\/w3.org\/WAI\/Tools\">WAI-Tools<\/a>, de cujo cons\u00f3rcio a AMA \u00e9 parte integrante. A Declara\u00e7\u00e3o foi concebida em conformidade com o Decreto-Lei n.\u00ba 83\/2018, de 19 de outubro.<\/p>\n","protected":false},"excerpt":{"rendered":"<p>Declara\u00e7\u00e3o de Acessibilidade e Usabilidade A Dire\u00e7\u00e3o Regional das Comunidades compromete-se a disponibilizar o s\u00edtio Web Comunidades A\u00e7orianas, integrado no dom\u00ednio Portal da A\u00e7orianidade, em conformidade com o Decreto-Lei n.\u00ba 83\/2018, de 19 de outubro, que transp\u00f5e a Diretiva (UE) 2016\/2102 do Parlamento Europeu e do Conselho, relativa \u00e0 acessibilidade dos s\u00edtios Web e das [&hellip;]<\/p>\n","protected":false},"author":1,"featured_media":0,"parent":0,"menu_order":0,"comment_status":"closed","ping_status":"closed","template":"","meta":[],"_links":{"self":[{"href":"https:\/\/portaldaacorianidade.azores.gov.pt\/comunidadesacorianas\/wp-json\/wp\/v2\/pages\/111"}],"collection":[{"href":"https:\/\/portaldaacorianidade.azores.gov.pt\/comunidadesacorianas\/wp-json\/wp\/v2\/pages"}],"about":[{"href":"https:\/\/portaldaacorianidade.azores.gov.pt\/comunidadesacorianas\/wp-json\/wp\/v2\/types\/page"}],"author":[{"embeddable":true,"href":"https:\/\/portaldaacorianidade.azores.gov.pt\/comunidadesacorianas\/wp-json\/wp\/v2\/users\/1"}],"replies":[{"embeddable":true,"href":"https:\/\/portaldaacorianidade.azores.gov.pt\/comunidadesacorianas\/wp-json\/wp\/v2\/comments?post=111"}],"version-history":[{"count":5,"href":"https:\/\/portaldaacorianidade.azores.gov.pt\/comunidadesacorianas\/wp-json\/wp\/v2\/pages\/111\/revisions"}],"predecessor-version":[{"id":740,"href":"https:\/\/portaldaacorianidade.azores.gov.pt\/comunidadesacorianas\/wp-json\/wp\/v2\/pages\/111\/revisions\/740"}],"wp:attachment":[{"href":"https:\/\/portaldaacorianidade.azores.gov.pt\/comunidadesacorianas\/wp-json\/wp\/v2\/media?parent=111"}],"curies":[{"name":"wp","href":"https:\/\/api.w.org\/{rel}","templated":true}]}}